{"id":21,"date":"2020-05-15T15:41:10","date_gmt":"2020-05-15T13:41:10","guid":{"rendered":"https:\/\/266909-www.web.tornado-node.net\/trondheim\/praktisk-info\/sporsmal-svar\/"},"modified":"2026-04-07T11:56:44","modified_gmt":"2026-04-07T09:56:44","slug":"sporsmal-og-svar","status":"publish","type":"page","link":"https:\/\/hoytlavt.no\/trondheim\/info\/sporsmal-og-svar\/","title":{"rendered":"Sp\u00f8rsm\u00e5l &amp; Svar"},"content":{"rendered":"\n<p class=\"has-text-align-center\">Her finner du en oversikt over ofte stilte sp\u00f8rsm\u00e5l med svar.<\/p>\n","protected":false},"excerpt":{"rendered":"<p>Her finner du en oversikt over ofte stilte sp\u00f8rsm\u00e5l med svar.<\/p>\n","protected":false},"author":1,"featured_media":22,"parent":17,"menu_order":0,"comment_status":"closed","ping_status":"closed","template":"page-q.php","meta":{"_acf_changed":false,"inline_featured_image":false,"footnotes":""},"class_list":["post-21","page","type-page","status-publish","has-post-thumbnail","hentry"],"acf":[],"yoast_head":"<!-- This site is optimized with the Yoast SEO Premium plugin v26.8 (Yoast SEO v27.4) - https:\/\/yoast.com\/product\/yoast-seo-premium-wordpress\/ -->\n<title>Sp\u00f8rsm\u00e5l &amp; Svar - H\u00f8yt &amp; Lavt Trondheim<\/title>\n<meta name=\"description\" content=\"Lurer du p\u00e5 noe? Her finner du svar p\u00e5 ofte stilte sp\u00f8rsm\u00e5l. Har du behov for \u00e5 komme i kontakt med oss, send mail: trondheim@hoytlavt.no\" \/>\n<meta name=\"robots\" content=\"index, follow, max-snippet:-1, max-image-preview:large, max-video-preview:-1\" \/>\n<link rel=\"canonical\" href=\"https:\/\/hoytlavt.no\/trondheim\/info\/sporsmal-og-svar\/\" \/>\n<meta property=\"og:locale\" content=\"nb_NO\" \/>\n<meta property=\"og:type\" content=\"article\" \/>\n<meta property=\"og:title\" content=\"Sp\u00f8rsm\u00e5l &amp; Svar\" \/>\n<meta property=\"og:description\" content=\"Her finner du en oversikt over ofte stilte sp\u00f8rsm\u00e5l med svar.\" \/>\n<meta property=\"og:url\" content=\"https:\/\/hoytlavt.no\/trondheim\/info\/sporsmal-og-svar\/\" \/>\n<meta property=\"og:site_name\" content=\"H\u00f8yt &amp; Lavt Trondheim\" \/>\n<meta property=\"article:modified_time\" content=\"2026-04-07T09:56:44+00:00\" \/>\n<meta property=\"og:image\" content=\"https:\/\/hoytlavt.no\/trondheim\/wp-content\/uploads\/sites\/12\/sites\/12\/IMG_3039.jpg\" \/>\n\t<meta property=\"og:image:width\" content=\"1280\" \/>\n\t<meta property=\"og:image:height\" content=\"540\" \/>\n\t<meta property=\"og:image:type\" content=\"image\/jpeg\" \/>\n<meta name=\"twitter:card\" content=\"summary_large_image\" \/>\n<meta name=\"twitter:label1\" content=\"Ansl. lesetid\" \/>\n\t<meta name=\"twitter:data1\" content=\"4 minutter\" \/>\n<script type=\"application\/ld+json\" class=\"yoast-schema-graph\">{\"@context\":\"https:\\\/\\\/schema.org\",\"@graph\":[{\"@type\":\"WebPage\",\"@id\":\"https:\\\/\\\/hoytlavt.no\\\/trondheim\\\/info\\\/sporsmal-og-svar\\\/\",\"url\":\"https:\\\/\\\/hoytlavt.no\\\/trondheim\\\/info\\\/sporsmal-og-svar\\\/\",\"name\":\"Sp\u00f8rsm\u00e5l & Svar - H\u00f8yt & Lavt Trondheim\",\"isPartOf\":{\"@id\":\"https:\\\/\\\/hoytlavt.no\\\/trondheim\\\/#website\"},\"primaryImageOfPage\":{\"@id\":\"https:\\\/\\\/hoytlavt.no\\\/trondheim\\\/info\\\/sporsmal-og-svar\\\/#primaryimage\"},\"image\":{\"@id\":\"https:\\\/\\\/hoytlavt.no\\\/trondheim\\\/info\\\/sporsmal-og-svar\\\/#primaryimage\"},\"thumbnailUrl\":\"https:\\\/\\\/hoytlavt.no\\\/trondheim\\\/wp-content\\\/uploads\\\/sites\\\/12\\\/sites\\\/12\\\/IMG_3039.jpg\",\"datePublished\":\"2020-05-15T13:41:10+00:00\",\"dateModified\":\"2026-04-07T09:56:44+00:00\",\"description\":\"Lurer du p\u00e5 noe? Her finner du svar p\u00e5 ofte stilte sp\u00f8rsm\u00e5l. Har du behov for \u00e5 komme i kontakt med oss, send mail: trondheim@hoytlavt.no\",\"breadcrumb\":{\"@id\":\"https:\\\/\\\/hoytlavt.no\\\/trondheim\\\/info\\\/sporsmal-og-svar\\\/#breadcrumb\"},\"inLanguage\":\"nb-NO\",\"potentialAction\":[{\"@type\":\"ReadAction\",\"target\":[\"https:\\\/\\\/hoytlavt.no\\\/trondheim\\\/info\\\/sporsmal-og-svar\\\/\"]}]},{\"@type\":\"ImageObject\",\"inLanguage\":\"nb-NO\",\"@id\":\"https:\\\/\\\/hoytlavt.no\\\/trondheim\\\/info\\\/sporsmal-og-svar\\\/#primaryimage\",\"url\":\"https:\\\/\\\/hoytlavt.no\\\/trondheim\\\/wp-content\\\/uploads\\\/sites\\\/12\\\/sites\\\/12\\\/IMG_3039.jpg\",\"contentUrl\":\"https:\\\/\\\/hoytlavt.no\\\/trondheim\\\/wp-content\\\/uploads\\\/sites\\\/12\\\/sites\\\/12\\\/IMG_3039.jpg\",\"width\":1280,\"height\":540},{\"@type\":\"BreadcrumbList\",\"@id\":\"https:\\\/\\\/hoytlavt.no\\\/trondheim\\\/info\\\/sporsmal-og-svar\\\/#breadcrumb\",\"itemListElement\":[{\"@type\":\"ListItem\",\"position\":1,\"name\":\"Hjem\",\"item\":\"https:\\\/\\\/hoytlavt.no\\\/trondheim\\\/en\\\/\"},{\"@type\":\"ListItem\",\"position\":2,\"name\":\"Praktisk info\",\"item\":\"https:\\\/\\\/hoytlavt.no\\\/trondheim\\\/info\\\/\"},{\"@type\":\"ListItem\",\"position\":3,\"name\":\"Sp\u00f8rsm\u00e5l &amp; Svar\"}]},{\"@type\":\"WebSite\",\"@id\":\"https:\\\/\\\/hoytlavt.no\\\/trondheim\\\/#website\",\"url\":\"https:\\\/\\\/hoytlavt.no\\\/trondheim\\\/\",\"name\":\"H\u00f8yt &amp; Lavt Trondheim\",\"description\":\"Norges nest st\u00f8rste klatrepark med hele 41 zipliner\",\"publisher\":{\"@id\":\"https:\\\/\\\/hoytlavt.no\\\/trondheim\\\/#organization\"},\"potentialAction\":[{\"@type\":\"SearchAction\",\"target\":{\"@type\":\"EntryPoint\",\"urlTemplate\":\"https:\\\/\\\/hoytlavt.no\\\/trondheim\\\/?s={search_term_string}\"},\"query-input\":{\"@type\":\"PropertyValueSpecification\",\"valueRequired\":true,\"valueName\":\"search_term_string\"}}],\"inLanguage\":\"nb-NO\"},{\"@type\":\"Organization\",\"@id\":\"https:\\\/\\\/hoytlavt.no\\\/trondheim\\\/#organization\",\"name\":\"H\u00f8yt &amp; Lavt Trondheim\",\"url\":\"https:\\\/\\\/hoytlavt.no\\\/trondheim\\\/\",\"logo\":{\"@type\":\"ImageObject\",\"inLanguage\":\"nb-NO\",\"@id\":\"https:\\\/\\\/hoytlavt.no\\\/trondheim\\\/#\\\/schema\\\/logo\\\/image\\\/\",\"url\":\"https:\\\/\\\/hoytlavt.no\\\/trondheim\\\/wp-content\\\/uploads\\\/sites\\\/12\\\/sites\\\/12\\\/Trondheim - Bilder\\\/hl-logo-trd-trondheim-neg.svg\",\"contentUrl\":\"https:\\\/\\\/hoytlavt.no\\\/trondheim\\\/wp-content\\\/uploads\\\/sites\\\/12\\\/sites\\\/12\\\/Trondheim - Bilder\\\/hl-logo-trd-trondheim-neg.svg\",\"width\":286,\"height\":96,\"caption\":\"H\u00f8yt &amp; Lavt Trondheim\"},\"image\":{\"@id\":\"https:\\\/\\\/hoytlavt.no\\\/trondheim\\\/#\\\/schema\\\/logo\\\/image\\\/\"}}]}<\/script>\n<!-- \/ Yoast SEO Premium plugin. -->","yoast_head_json":{"title":"Sp\u00f8rsm\u00e5l & Svar - H\u00f8yt & Lavt Trondheim","description":"Lurer du p\u00e5 noe? Her finner du svar p\u00e5 ofte stilte sp\u00f8rsm\u00e5l. Har du behov for \u00e5 komme i kontakt med oss, send mail: trondheim@hoytlavt.no","robots":{"index":"index","follow":"follow","max-snippet":"max-snippet:-1","max-image-preview":"max-image-preview:large","max-video-preview":"max-video-preview:-1"},"canonical":"https:\/\/hoytlavt.no\/trondheim\/info\/sporsmal-og-svar\/","og_locale":"nb_NO","og_type":"article","og_title":"Sp\u00f8rsm\u00e5l &amp; Svar","og_description":"Her finner du en oversikt over ofte stilte sp\u00f8rsm\u00e5l med svar.","og_url":"https:\/\/hoytlavt.no\/trondheim\/info\/sporsmal-og-svar\/","og_site_name":"H\u00f8yt &amp; Lavt Trondheim","article_modified_time":"2026-04-07T09:56:44+00:00","og_image":[{"width":1280,"height":540,"url":"https:\/\/hoytlavt.no\/trondheim\/wp-content\/uploads\/sites\/12\/sites\/12\/IMG_3039.jpg","type":"image\/jpeg"}],"twitter_card":"summary_large_image","twitter_misc":{"Ansl. lesetid":"4 minutter"},"schema":{"@context":"https:\/\/schema.org","@graph":[{"@type":"WebPage","@id":"https:\/\/hoytlavt.no\/trondheim\/info\/sporsmal-og-svar\/","url":"https:\/\/hoytlavt.no\/trondheim\/info\/sporsmal-og-svar\/","name":"Sp\u00f8rsm\u00e5l & Svar - H\u00f8yt & Lavt Trondheim","isPartOf":{"@id":"https:\/\/hoytlavt.no\/trondheim\/#website"},"primaryImageOfPage":{"@id":"https:\/\/hoytlavt.no\/trondheim\/info\/sporsmal-og-svar\/#primaryimage"},"image":{"@id":"https:\/\/hoytlavt.no\/trondheim\/info\/sporsmal-og-svar\/#primaryimage"},"thumbnailUrl":"https:\/\/hoytlavt.no\/trondheim\/wp-content\/uploads\/sites\/12\/sites\/12\/IMG_3039.jpg","datePublished":"2020-05-15T13:41:10+00:00","dateModified":"2026-04-07T09:56:44+00:00","description":"Lurer du p\u00e5 noe? Her finner du svar p\u00e5 ofte stilte sp\u00f8rsm\u00e5l. Har du behov for \u00e5 komme i kontakt med oss, send mail: trondheim@hoytlavt.no","breadcrumb":{"@id":"https:\/\/hoytlavt.no\/trondheim\/info\/sporsmal-og-svar\/#breadcrumb"},"inLanguage":"nb-NO","potentialAction":[{"@type":"ReadAction","target":["https:\/\/hoytlavt.no\/trondheim\/info\/sporsmal-og-svar\/"]}]},{"@type":"ImageObject","inLanguage":"nb-NO","@id":"https:\/\/hoytlavt.no\/trondheim\/info\/sporsmal-og-svar\/#primaryimage","url":"https:\/\/hoytlavt.no\/trondheim\/wp-content\/uploads\/sites\/12\/sites\/12\/IMG_3039.jpg","contentUrl":"https:\/\/hoytlavt.no\/trondheim\/wp-content\/uploads\/sites\/12\/sites\/12\/IMG_3039.jpg","width":1280,"height":540},{"@type":"BreadcrumbList","@id":"https:\/\/hoytlavt.no\/trondheim\/info\/sporsmal-og-svar\/#breadcrumb","itemListElement":[{"@type":"ListItem","position":1,"name":"Hjem","item":"https:\/\/hoytlavt.no\/trondheim\/en\/"},{"@type":"ListItem","position":2,"name":"Praktisk info","item":"https:\/\/hoytlavt.no\/trondheim\/info\/"},{"@type":"ListItem","position":3,"name":"Sp\u00f8rsm\u00e5l &amp; Svar"}]},{"@type":"WebSite","@id":"https:\/\/hoytlavt.no\/trondheim\/#website","url":"https:\/\/hoytlavt.no\/trondheim\/","name":"H\u00f8yt &amp; Lavt Trondheim","description":"Norges nest st\u00f8rste klatrepark med hele 41 zipliner","publisher":{"@id":"https:\/\/hoytlavt.no\/trondheim\/#organization"},"potentialAction":[{"@type":"SearchAction","target":{"@type":"EntryPoint","urlTemplate":"https:\/\/hoytlavt.no\/trondheim\/?s={search_term_string}"},"query-input":{"@type":"PropertyValueSpecification","valueRequired":true,"valueName":"search_term_string"}}],"inLanguage":"nb-NO"},{"@type":"Organization","@id":"https:\/\/hoytlavt.no\/trondheim\/#organization","name":"H\u00f8yt &amp; Lavt Trondheim","url":"https:\/\/hoytlavt.no\/trondheim\/","logo":{"@type":"ImageObject","inLanguage":"nb-NO","@id":"https:\/\/hoytlavt.no\/trondheim\/#\/schema\/logo\/image\/","url":"https:\/\/hoytlavt.no\/trondheim\/wp-content\/uploads\/sites\/12\/sites\/12\/Trondheim - Bilder\/hl-logo-trd-trondheim-neg.svg","contentUrl":"https:\/\/hoytlavt.no\/trondheim\/wp-content\/uploads\/sites\/12\/sites\/12\/Trondheim - Bilder\/hl-logo-trd-trondheim-neg.svg","width":286,"height":96,"caption":"H\u00f8yt &amp; Lavt Trondheim"},"image":{"@id":"https:\/\/hoytlavt.no\/trondheim\/#\/schema\/logo\/image\/"}}]}},"_links":{"self":[{"href":"https:\/\/hoytlavt.no\/trondheim\/wp-json\/wp\/v2\/pages\/21","targetHints":{"allow":["GET"]}}],"collection":[{"href":"https:\/\/hoytlavt.no\/trondheim\/wp-json\/wp\/v2\/pages"}],"about":[{"href":"https:\/\/hoytlavt.no\/trondheim\/wp-json\/wp\/v2\/types\/page"}],"author":[{"embeddable":true,"href":"https:\/\/hoytlavt.no\/trondheim\/wp-json\/wp\/v2\/users\/1"}],"replies":[{"embeddable":true,"href":"https:\/\/hoytlavt.no\/trondheim\/wp-json\/wp\/v2\/comments?post=21"}],"version-history":[{"count":40,"href":"https:\/\/hoytlavt.no\/trondheim\/wp-json\/wp\/v2\/pages\/21\/revisions"}],"predecessor-version":[{"id":3230,"href":"https:\/\/hoytlavt.no\/trondheim\/wp-json\/wp\/v2\/pages\/21\/revisions\/3230"}],"up":[{"embeddable":true,"href":"https:\/\/hoytlavt.no\/trondheim\/wp-json\/wp\/v2\/pages\/17"}],"wp:featuredmedia":[{"embeddable":true,"href":"https:\/\/hoytlavt.no\/trondheim\/wp-json\/wp\/v2\/media\/22"}],"wp:attachment":[{"href":"https:\/\/hoytlavt.no\/trondheim\/wp-json\/wp\/v2\/media?parent=21"}],"curies":[{"name":"wp","href":"https:\/\/api.w.org\/{rel}","templated":true}]}}