{"id":209,"date":"2020-05-18T13:59:11","date_gmt":"2020-05-18T11:59:11","guid":{"rendered":"https:\/\/266909-www.web.tornado-node.net\/trondheim\/?page_id=209"},"modified":"2025-11-05T11:53:50","modified_gmt":"2025-11-05T10:53:50","slug":"billetter","status":"publish","type":"page","link":"https:\/\/hoytlavt.no\/trondheim\/billetter\/","title":{"rendered":"Billetter"},"content":{"rendered":"\n<center><bilberry-login-button><\/bilberry-login-button><\/center>\n\n\n\n<div style=\"height:40px\" aria-hidden=\"true\" class=\"wp-block-spacer\"><\/div>\n\n\n\n<div class=\"tickets\">\n    <ul class=\"nav nav-pills mb-3\" id=\"pills-tab\" role=\"tablist\">\n        <li class=\"nav-item\" role=\"presentation\">\n            <button class=\"nav-link active\" id=\"pills-1-tab\" data-toggle=\"pill\" data-target=\"#klatrebillett\" type=\"button\" role=\"tab\" aria-controls=\"pills-1\" aria-selected=\"true\">Klatrebillett<\/button>\n        <\/li>\n\n        <li class=\"nav-item\" role=\"presentation\">\n            <a class=\"nav-link\" href=\"\/trondheim\/billetter\/gruppebilletter\/\" >Gruppebilletter<\/a>\n        <\/li>\n\n        <li class=\"nav-item\" role=\"presentation\">\n            <button class=\"nav-link\" id=\"pills-3-tab\" data-toggle=\"pill\" data-target=\"#sesongkort\" type=\"button\" role=\"tab\" aria-controls=\"pills-3\" aria-selected=\"false\">Sesongkort<\/button>\n        <\/li>\n\n        <li class=\"nav-item\" role=\"presentation\">\n            <button class=\"nav-link\" id=\"pills-4-tab\" data-toggle=\"pill\" data-target=\"#gavekort\" type=\"button\" role=\"tab\" aria-controls=\"pills-4\" aria-selected=\"false\">Gavekort<\/button>\n        <\/li>\n\n    <\/ul>\n\n    <div class=\"tab-content\" id=\"pills-tabContent\">\n        <div class=\"tab-pane fade show active\" id=\"klatrebillett\" role=\"tabpanel\" aria-labelledby=\"pills-1-tab\">\n<p style=\"background: #333; color: #fff; text-align: center; padding: 15px; border-radius: 5px;\">Detektivbyr\u00e5 nr 2 finner du som tilvalg etter \u00e5 ha valgt dine billetter. <a href=\"https:\/\/hoytlavt.no\/trondheim\/ukategorisert\/detektivbyra-nr-2-operasjon-hoyt-og-lavt\/\" target=\"_blank\" style=\"color: inherit; text-decoration: underline;\">Les mer<\/a>.<\/p>\n            <bilberry-product-list-bookable product-collection-id=\"1\" \n                scroll=\"no\"\n                num-xs=\"1\"\n                num-sm=\"2\"\n                num-md=\"2\"\n                num-lg=\"2\"\n          ><\/bilberry-product-list-bookable>\n        <\/div>\n\n        <div class=\"tab-pane fade\" id=\"gruppebilletter\" role=\"tabpanel\" aria-labelledby=\"pills-2-tab\">\n            <bilberry-product-list-bookable product-collection-id=\"2\" \n                scroll=\"no\"\n                num-xs=\"1\"\n                num-sm=\"2\"\n                num-md=\"3\"\n                num-lg=\"3\"\n            ><\/bilberry-product-list-bookable>\n        <\/div>\n\n        <div class=\"tab-pane fade\" id=\"sesongkort\" role=\"tabpanel\" aria-labelledby=\"pills-3-tab\">\n            <bilberry-value-card-product-item-cards\n                scroll=\"no\"\n                num-xs=\"1\"\n                num-sm=\"2\"\n                num-md=\"2\"\n                num-lg=\"2\"\n                value-card-product-ids=\"81,95\" \n                value-card-product-urls=\" https:\/\/hoytlavt.no\/trondheim\/produkt\/sesongkort\/, https:\/\/hoytlavt.no\/trondheim\/produkt\/sesongkort\/\"\n                value-card-product-image-urls=\"https:\/\/stream3.imageshop.no\/imageWithFallbacKAndMagikAndS3.aspx?d=1&#038;t=638503200000000000&#038;c=image%2fjpeg&#038;base=415&#038;h=6AF2BA0F938D0A9291A9306AE3C65A86&#038;x=0&#038;y=0&#038;real=&#038;img=17792371-7cba-4618-86ad-56957b0a8f30-wm.jpg,https:\/\/stream3.imageshop.no\/imageWithFallbacKAndMagikAndS3.aspx?d=1&#038;t=638503200000000000&#038;c=image%2fjpeg&#038;base=415&#038;h=D13B10A8FCCBC6C93F545A5B5B4ACF99&#038;x=0&#038;y=0&#038;real=&#038;img=12578d8d-b529-4533-8732-7e0823013097-wm.jpg\"\n            ><\/bilberry-value-card-product-item-cards>\n        <\/div>\n\n        <div class=\"tab-pane fade\" id=\"gavekort\" role=\"tabpanel\" aria-labelledby=\"pills-4-tab\">\n            <bilberry-product-list product-collection-id=\"4\" \n                scroll=\"no\"\n                num-xs=\"1\"\n                num-sm=\"1\"\n                num-md=\"1\"\n                num-lg=\"1\"\n            ><\/bilberry-product-list>\n        <\/div>\n    <\/div>\n<\/div>\n\n<style>\n.nav-item a {\n    border: solid 1px #B6C42D;\n    margin-right: 5px;\n    padding: 0.5rem 1rem; \n    color: #333;\n}\n<\/style>\n\n\n\n<p><\/p>\n","protected":false},"excerpt":{"rendered":"<p>Klatrebillett Gruppebilletter Sesongkort Gavekort Detektivbyr\u00e5 nr 2 finner du som tilvalg etter \u00e5 ha valgt [&hellip;]<\/p>\n","protected":false},"author":1,"featured_media":1964,"parent":0,"menu_order":0,"comment_status":"closed","ping_status":"closed","template":"page-bilberry-products.php","meta":{"_acf_changed":false,"inline_featured_image":false,"footnotes":""},"class_list":["post-209","page","type-page","status-publish","has-post-thumbnail","hentry"],"acf":[],"yoast_head":"<!-- This site is optimized with the Yoast SEO Premium plugin v26.8 (Yoast SEO v27.4) - https:\/\/yoast.com\/product\/yoast-seo-premium-wordpress\/ -->\n<title>Billetter - H\u00f8yt &amp; Lavt Trondheim<\/title>\n<meta name=\"description\" content=\"Du kan kj\u00f8pe billetter online fram til oppm\u00f8tetidspunkt samme dag s\u00e5fremt det er ledige billetter. For tiden tar vi ikke imot kontanter pga Covid-19.\" \/>\n<meta name=\"robots\" content=\"index, follow, max-snippet:-1, max-image-preview:large, max-video-preview:-1\" \/>\n<link rel=\"canonical\" href=\"https:\/\/hoytlavt.no\/trondheim\/billetter\/\" \/>\n<meta property=\"og:locale\" content=\"nb_NO\" \/>\n<meta property=\"og:type\" content=\"article\" \/>\n<meta property=\"og:title\" content=\"Billetter\" \/>\n<meta property=\"og:description\" content=\"Bestill billetter her!\" \/>\n<meta property=\"og:url\" content=\"https:\/\/hoytlavt.no\/trondheim\/billetter\/\" \/>\n<meta property=\"og:site_name\" content=\"H\u00f8yt &amp; Lavt Trondheim\" \/>\n<meta property=\"article:modified_time\" content=\"2025-11-05T10:53:50+00:00\" \/>\n<meta property=\"og:image\" content=\"https:\/\/hoytlavt.no\/trondheim\/wp-content\/uploads\/sites\/12\/sites\/12\/20130724_h\u00f8ytoglavt_0660-copy.jpg\" \/>\n\t<meta property=\"og:image:width\" content=\"1200\" \/>\n\t<meta property=\"og:image:height\" content=\"800\" \/>\n\t<meta property=\"og:image:type\" content=\"image\/jpeg\" \/>\n<meta name=\"twitter:card\" content=\"summary_large_image\" \/>\n<meta name=\"twitter:label1\" content=\"Ansl. lesetid\" \/>\n\t<meta name=\"twitter:data1\" content=\"1 minutt\" \/>\n<script type=\"application\/ld+json\" class=\"yoast-schema-graph\">{\"@context\":\"https:\\\/\\\/schema.org\",\"@graph\":[{\"@type\":\"WebPage\",\"@id\":\"https:\\\/\\\/hoytlavt.no\\\/trondheim\\\/billetter\\\/\",\"url\":\"https:\\\/\\\/hoytlavt.no\\\/trondheim\\\/billetter\\\/\",\"name\":\"Billetter - H\u00f8yt & Lavt Trondheim\",\"isPartOf\":{\"@id\":\"https:\\\/\\\/hoytlavt.no\\\/trondheim\\\/#website\"},\"primaryImageOfPage\":{\"@id\":\"https:\\\/\\\/hoytlavt.no\\\/trondheim\\\/billetter\\\/#primaryimage\"},\"image\":{\"@id\":\"https:\\\/\\\/hoytlavt.no\\\/trondheim\\\/billetter\\\/#primaryimage\"},\"thumbnailUrl\":\"https:\\\/\\\/hoytlavt.no\\\/trondheim\\\/wp-content\\\/uploads\\\/sites\\\/12\\\/Klatreparken_Trondheim_04-scaled.jpeg\",\"datePublished\":\"2020-05-18T11:59:11+00:00\",\"dateModified\":\"2025-11-05T10:53:50+00:00\",\"description\":\"Du kan kj\u00f8pe billetter online fram til oppm\u00f8tetidspunkt samme dag s\u00e5fremt det er ledige billetter. For tiden tar vi ikke imot kontanter pga Covid-19.\",\"breadcrumb\":{\"@id\":\"https:\\\/\\\/hoytlavt.no\\\/trondheim\\\/billetter\\\/#breadcrumb\"},\"inLanguage\":\"nb-NO\",\"potentialAction\":[{\"@type\":\"ReadAction\",\"target\":[\"https:\\\/\\\/hoytlavt.no\\\/trondheim\\\/billetter\\\/\"]}]},{\"@type\":\"ImageObject\",\"inLanguage\":\"nb-NO\",\"@id\":\"https:\\\/\\\/hoytlavt.no\\\/trondheim\\\/billetter\\\/#primaryimage\",\"url\":\"https:\\\/\\\/hoytlavt.no\\\/trondheim\\\/wp-content\\\/uploads\\\/sites\\\/12\\\/Klatreparken_Trondheim_04-scaled.jpeg\",\"contentUrl\":\"https:\\\/\\\/hoytlavt.no\\\/trondheim\\\/wp-content\\\/uploads\\\/sites\\\/12\\\/Klatreparken_Trondheim_04-scaled.jpeg\",\"width\":2048,\"height\":1367,\"caption\":\"H\u00f8yt og lavt klatrepark, Trondheim\"},{\"@type\":\"BreadcrumbList\",\"@id\":\"https:\\\/\\\/hoytlavt.no\\\/trondheim\\\/billetter\\\/#breadcrumb\",\"itemListElement\":[{\"@type\":\"ListItem\",\"position\":1,\"name\":\"Hjem\",\"item\":\"https:\\\/\\\/hoytlavt.no\\\/trondheim\\\/en\\\/\"},{\"@type\":\"ListItem\",\"position\":2,\"name\":\"Billetter\"}]},{\"@type\":\"WebSite\",\"@id\":\"https:\\\/\\\/hoytlavt.no\\\/trondheim\\\/#website\",\"url\":\"https:\\\/\\\/hoytlavt.no\\\/trondheim\\\/\",\"name\":\"H\u00f8yt &amp; Lavt Trondheim\",\"description\":\"Norges nest st\u00f8rste klatrepark med hele 41 zipliner\",\"publisher\":{\"@id\":\"https:\\\/\\\/hoytlavt.no\\\/trondheim\\\/#organization\"},\"potentialAction\":[{\"@type\":\"SearchAction\",\"target\":{\"@type\":\"EntryPoint\",\"urlTemplate\":\"https:\\\/\\\/hoytlavt.no\\\/trondheim\\\/?s={search_term_string}\"},\"query-input\":{\"@type\":\"PropertyValueSpecification\",\"valueRequired\":true,\"valueName\":\"search_term_string\"}}],\"inLanguage\":\"nb-NO\"},{\"@type\":\"Organization\",\"@id\":\"https:\\\/\\\/hoytlavt.no\\\/trondheim\\\/#organization\",\"name\":\"H\u00f8yt &amp; Lavt Trondheim\",\"url\":\"https:\\\/\\\/hoytlavt.no\\\/trondheim\\\/\",\"logo\":{\"@type\":\"ImageObject\",\"inLanguage\":\"nb-NO\",\"@id\":\"https:\\\/\\\/hoytlavt.no\\\/trondheim\\\/#\\\/schema\\\/logo\\\/image\\\/\",\"url\":\"https:\\\/\\\/hoytlavt.no\\\/trondheim\\\/wp-content\\\/uploads\\\/sites\\\/12\\\/sites\\\/12\\\/Trondheim - Bilder\\\/hl-logo-trd-trondheim-neg.svg\",\"contentUrl\":\"https:\\\/\\\/hoytlavt.no\\\/trondheim\\\/wp-content\\\/uploads\\\/sites\\\/12\\\/sites\\\/12\\\/Trondheim - Bilder\\\/hl-logo-trd-trondheim-neg.svg\",\"width\":286,\"height\":96,\"caption\":\"H\u00f8yt &amp; Lavt Trondheim\"},\"image\":{\"@id\":\"https:\\\/\\\/hoytlavt.no\\\/trondheim\\\/#\\\/schema\\\/logo\\\/image\\\/\"}}]}<\/script>\n<!-- \/ Yoast SEO Premium plugin. -->","yoast_head_json":{"title":"Billetter - H\u00f8yt & Lavt Trondheim","description":"Du kan kj\u00f8pe billetter online fram til oppm\u00f8tetidspunkt samme dag s\u00e5fremt det er ledige billetter. For tiden tar vi ikke imot kontanter pga Covid-19.","robots":{"index":"index","follow":"follow","max-snippet":"max-snippet:-1","max-image-preview":"max-image-preview:large","max-video-preview":"max-video-preview:-1"},"canonical":"https:\/\/hoytlavt.no\/trondheim\/billetter\/","og_locale":"nb_NO","og_type":"article","og_title":"Billetter","og_description":"Bestill billetter her!","og_url":"https:\/\/hoytlavt.no\/trondheim\/billetter\/","og_site_name":"H\u00f8yt &amp; Lavt Trondheim","article_modified_time":"2025-11-05T10:53:50+00:00","og_image":[{"width":1200,"height":800,"url":"https:\/\/hoytlavt.no\/trondheim\/wp-content\/uploads\/sites\/12\/sites\/12\/20130724_h\u00f8ytoglavt_0660-copy.jpg","type":"image\/jpeg"}],"twitter_card":"summary_large_image","twitter_misc":{"Ansl. lesetid":"1 minutt"},"schema":{"@context":"https:\/\/schema.org","@graph":[{"@type":"WebPage","@id":"https:\/\/hoytlavt.no\/trondheim\/billetter\/","url":"https:\/\/hoytlavt.no\/trondheim\/billetter\/","name":"Billetter - H\u00f8yt & Lavt Trondheim","isPartOf":{"@id":"https:\/\/hoytlavt.no\/trondheim\/#website"},"primaryImageOfPage":{"@id":"https:\/\/hoytlavt.no\/trondheim\/billetter\/#primaryimage"},"image":{"@id":"https:\/\/hoytlavt.no\/trondheim\/billetter\/#primaryimage"},"thumbnailUrl":"https:\/\/hoytlavt.no\/trondheim\/wp-content\/uploads\/sites\/12\/Klatreparken_Trondheim_04-scaled.jpeg","datePublished":"2020-05-18T11:59:11+00:00","dateModified":"2025-11-05T10:53:50+00:00","description":"Du kan kj\u00f8pe billetter online fram til oppm\u00f8tetidspunkt samme dag s\u00e5fremt det er ledige billetter. For tiden tar vi ikke imot kontanter pga Covid-19.","breadcrumb":{"@id":"https:\/\/hoytlavt.no\/trondheim\/billetter\/#breadcrumb"},"inLanguage":"nb-NO","potentialAction":[{"@type":"ReadAction","target":["https:\/\/hoytlavt.no\/trondheim\/billetter\/"]}]},{"@type":"ImageObject","inLanguage":"nb-NO","@id":"https:\/\/hoytlavt.no\/trondheim\/billetter\/#primaryimage","url":"https:\/\/hoytlavt.no\/trondheim\/wp-content\/uploads\/sites\/12\/Klatreparken_Trondheim_04-scaled.jpeg","contentUrl":"https:\/\/hoytlavt.no\/trondheim\/wp-content\/uploads\/sites\/12\/Klatreparken_Trondheim_04-scaled.jpeg","width":2048,"height":1367,"caption":"H\u00f8yt og lavt klatrepark, Trondheim"},{"@type":"BreadcrumbList","@id":"https:\/\/hoytlavt.no\/trondheim\/billetter\/#breadcrumb","itemListElement":[{"@type":"ListItem","position":1,"name":"Hjem","item":"https:\/\/hoytlavt.no\/trondheim\/en\/"},{"@type":"ListItem","position":2,"name":"Billetter"}]},{"@type":"WebSite","@id":"https:\/\/hoytlavt.no\/trondheim\/#website","url":"https:\/\/hoytlavt.no\/trondheim\/","name":"H\u00f8yt &amp; Lavt Trondheim","description":"Norges nest st\u00f8rste klatrepark med hele 41 zipliner","publisher":{"@id":"https:\/\/hoytlavt.no\/trondheim\/#organization"},"potentialAction":[{"@type":"SearchAction","target":{"@type":"EntryPoint","urlTemplate":"https:\/\/hoytlavt.no\/trondheim\/?s={search_term_string}"},"query-input":{"@type":"PropertyValueSpecification","valueRequired":true,"valueName":"search_term_string"}}],"inLanguage":"nb-NO"},{"@type":"Organization","@id":"https:\/\/hoytlavt.no\/trondheim\/#organization","name":"H\u00f8yt &amp; Lavt Trondheim","url":"https:\/\/hoytlavt.no\/trondheim\/","logo":{"@type":"ImageObject","inLanguage":"nb-NO","@id":"https:\/\/hoytlavt.no\/trondheim\/#\/schema\/logo\/image\/","url":"https:\/\/hoytlavt.no\/trondheim\/wp-content\/uploads\/sites\/12\/sites\/12\/Trondheim - Bilder\/hl-logo-trd-trondheim-neg.svg","contentUrl":"https:\/\/hoytlavt.no\/trondheim\/wp-content\/uploads\/sites\/12\/sites\/12\/Trondheim - Bilder\/hl-logo-trd-trondheim-neg.svg","width":286,"height":96,"caption":"H\u00f8yt &amp; Lavt Trondheim"},"image":{"@id":"https:\/\/hoytlavt.no\/trondheim\/#\/schema\/logo\/image\/"}}]}},"_links":{"self":[{"href":"https:\/\/hoytlavt.no\/trondheim\/wp-json\/wp\/v2\/pages\/209","targetHints":{"allow":["GET"]}}],"collection":[{"href":"https:\/\/hoytlavt.no\/trondheim\/wp-json\/wp\/v2\/pages"}],"about":[{"href":"https:\/\/hoytlavt.no\/trondheim\/wp-json\/wp\/v2\/types\/page"}],"author":[{"embeddable":true,"href":"https:\/\/hoytlavt.no\/trondheim\/wp-json\/wp\/v2\/users\/1"}],"replies":[{"embeddable":true,"href":"https:\/\/hoytlavt.no\/trondheim\/wp-json\/wp\/v2\/comments?post=209"}],"version-history":[{"count":12,"href":"https:\/\/hoytlavt.no\/trondheim\/wp-json\/wp\/v2\/pages\/209\/revisions"}],"predecessor-version":[{"id":3093,"href":"https:\/\/hoytlavt.no\/trondheim\/wp-json\/wp\/v2\/pages\/209\/revisions\/3093"}],"wp:featuredmedia":[{"embeddable":true,"href":"https:\/\/hoytlavt.no\/trondheim\/wp-json\/wp\/v2\/media\/1964"}],"wp:attachment":[{"href":"https:\/\/hoytlavt.no\/trondheim\/wp-json\/wp\/v2\/media?parent=209"}],"curies":[{"name":"wp","href":"https:\/\/api.w.org\/{rel}","templated":true}]}}