{"id":193,"date":"2020-05-18T13:44:18","date_gmt":"2020-05-18T11:44:18","guid":{"rendered":"https:\/\/266909-www.web.tornado-node.net\/trondheim\/?page_id=193"},"modified":"2025-06-23T06:50:28","modified_gmt":"2025-06-23T04:50:28","slug":"zipline","status":"publish","type":"page","link":"https:\/\/hoytlavt.no\/trondheim\/klatrepark\/zipline\/","title":{"rendered":"Zipline"},"content":{"rendered":"\n<p class=\"has-text-align-center\">I klatreparken har vi 24 ulike ziplines. Ziplinene er plassert oppe i tr\u00e6rne og utgj\u00f8r deler av klatrel\u00f8ypene.<\/p>\n\n\n\n<p class=\"has-text-align-center\">9 av 10 av v\u00e5re klatrel\u00f8yper har ziplines. Noen er lange, andre kortere.<\/p>\n","protected":false},"excerpt":{"rendered":"<p>I klatreparken har vi 24 ulike ziplines. Ziplinene er plassert oppe i tr\u00e6rne og utgj\u00f8r [&hellip;]<\/p>\n","protected":false},"author":1,"featured_media":598,"parent":9,"menu_order":0,"comment_status":"closed","ping_status":"closed","template":"page-climb.php","meta":{"_acf_changed":false,"inline_featured_image":false,"footnotes":""},"class_list":["post-193","page","type-page","status-publish","has-post-thumbnail","hentry"],"acf":[],"yoast_head":"<!-- This site is optimized with the Yoast SEO Premium plugin v26.8 (Yoast SEO v27.4) - https:\/\/yoast.com\/product\/yoast-seo-premium-wordpress\/ -->\n<title>Zipline - H\u00f8yt &amp; Lavt Trondheim<\/title>\n<meta name=\"description\" content=\"I klatreparken har vi 18 ulike ziplines. Ziplinene er plassert oppe i tr\u00e6rne og utgj\u00f8r deler av klatrel\u00f8ypene. 6 av 7 av v\u00e5re klatrel\u00f8yper har ziplines. Noen er lange, andre kortere.\" \/>\n<meta name=\"robots\" content=\"index, follow, max-snippet:-1, max-image-preview:large, max-video-preview:-1\" \/>\n<link rel=\"canonical\" href=\"https:\/\/hoytlavt.no\/trondheim\/klatrepark\/zipline\/\" \/>\n<meta property=\"og:locale\" content=\"nb_NO\" \/>\n<meta property=\"og:type\" content=\"article\" \/>\n<meta property=\"og:title\" content=\"Zipline\" \/>\n<meta property=\"og:description\" content=\"I klatreparken har vi 18 ulike ziplines. Ziplinene er plassert oppe i tr\u00e6rne og utgj\u00f8r deler av klatrel\u00f8ypene.\" \/>\n<meta property=\"og:url\" content=\"https:\/\/hoytlavt.no\/trondheim\/klatrepark\/zipline\/\" \/>\n<meta property=\"og:site_name\" content=\"H\u00f8yt &amp; Lavt Trondheim\" \/>\n<meta property=\"article:modified_time\" content=\"2025-06-23T04:50:28+00:00\" \/>\n<meta property=\"og:image\" content=\"https:\/\/hoytlavt.no\/trondheim\/wp-content\/uploads\/sites\/12\/sites\/12\/trd-klatrepark-voksen-zip-01-1-1.jpg\" \/>\n\t<meta property=\"og:image:width\" content=\"720\" \/>\n\t<meta property=\"og:image:height\" content=\"400\" \/>\n\t<meta property=\"og:image:type\" content=\"image\/jpeg\" \/>\n<meta name=\"twitter:card\" content=\"summary_large_image\" \/>\n<meta name=\"twitter:label1\" content=\"Ansl. lesetid\" \/>\n\t<meta name=\"twitter:data1\" content=\"2 minutter\" \/>\n<script type=\"application\/ld+json\" class=\"yoast-schema-graph\">{\"@context\":\"https:\\\/\\\/schema.org\",\"@graph\":[{\"@type\":\"WebPage\",\"@id\":\"https:\\\/\\\/hoytlavt.no\\\/trondheim\\\/klatrepark\\\/zipline\\\/\",\"url\":\"https:\\\/\\\/hoytlavt.no\\\/trondheim\\\/klatrepark\\\/zipline\\\/\",\"name\":\"Zipline - H\u00f8yt & Lavt Trondheim\",\"isPartOf\":{\"@id\":\"https:\\\/\\\/hoytlavt.no\\\/trondheim\\\/#website\"},\"primaryImageOfPage\":{\"@id\":\"https:\\\/\\\/hoytlavt.no\\\/trondheim\\\/klatrepark\\\/zipline\\\/#primaryimage\"},\"image\":{\"@id\":\"https:\\\/\\\/hoytlavt.no\\\/trondheim\\\/klatrepark\\\/zipline\\\/#primaryimage\"},\"thumbnailUrl\":\"https:\\\/\\\/hoytlavt.no\\\/trondheim\\\/wp-content\\\/uploads\\\/sites\\\/12\\\/sites\\\/12\\\/trd-klatrepark-voksen-zip-01-1-1.jpg\",\"datePublished\":\"2020-05-18T11:44:18+00:00\",\"dateModified\":\"2025-06-23T04:50:28+00:00\",\"description\":\"I klatreparken har vi 18 ulike ziplines. Ziplinene er plassert oppe i tr\u00e6rne og utgj\u00f8r deler av klatrel\u00f8ypene. 6 av 7 av v\u00e5re klatrel\u00f8yper har ziplines. Noen er lange, andre kortere.\",\"breadcrumb\":{\"@id\":\"https:\\\/\\\/hoytlavt.no\\\/trondheim\\\/klatrepark\\\/zipline\\\/#breadcrumb\"},\"inLanguage\":\"nb-NO\",\"potentialAction\":[{\"@type\":\"ReadAction\",\"target\":[\"https:\\\/\\\/hoytlavt.no\\\/trondheim\\\/klatrepark\\\/zipline\\\/\"]}]},{\"@type\":\"ImageObject\",\"inLanguage\":\"nb-NO\",\"@id\":\"https:\\\/\\\/hoytlavt.no\\\/trondheim\\\/klatrepark\\\/zipline\\\/#primaryimage\",\"url\":\"https:\\\/\\\/hoytlavt.no\\\/trondheim\\\/wp-content\\\/uploads\\\/sites\\\/12\\\/sites\\\/12\\\/trd-klatrepark-voksen-zip-01-1-1.jpg\",\"contentUrl\":\"https:\\\/\\\/hoytlavt.no\\\/trondheim\\\/wp-content\\\/uploads\\\/sites\\\/12\\\/sites\\\/12\\\/trd-klatrepark-voksen-zip-01-1-1.jpg\",\"width\":720,\"height\":400},{\"@type\":\"BreadcrumbList\",\"@id\":\"https:\\\/\\\/hoytlavt.no\\\/trondheim\\\/klatrepark\\\/zipline\\\/#breadcrumb\",\"itemListElement\":[{\"@type\":\"ListItem\",\"position\":1,\"name\":\"Hjem\",\"item\":\"https:\\\/\\\/hoytlavt.no\\\/trondheim\\\/en\\\/\"},{\"@type\":\"ListItem\",\"position\":2,\"name\":\"Klatrepark\",\"item\":\"https:\\\/\\\/hoytlavt.no\\\/trondheim\\\/klatrepark\\\/\"},{\"@type\":\"ListItem\",\"position\":3,\"name\":\"Zipline\"}]},{\"@type\":\"WebSite\",\"@id\":\"https:\\\/\\\/hoytlavt.no\\\/trondheim\\\/#website\",\"url\":\"https:\\\/\\\/hoytlavt.no\\\/trondheim\\\/\",\"name\":\"H\u00f8yt &amp; Lavt Trondheim\",\"description\":\"Norges nest st\u00f8rste klatrepark med hele 41 zipliner\",\"publisher\":{\"@id\":\"https:\\\/\\\/hoytlavt.no\\\/trondheim\\\/#organization\"},\"potentialAction\":[{\"@type\":\"SearchAction\",\"target\":{\"@type\":\"EntryPoint\",\"urlTemplate\":\"https:\\\/\\\/hoytlavt.no\\\/trondheim\\\/?s={search_term_string}\"},\"query-input\":{\"@type\":\"PropertyValueSpecification\",\"valueRequired\":true,\"valueName\":\"search_term_string\"}}],\"inLanguage\":\"nb-NO\"},{\"@type\":\"Organization\",\"@id\":\"https:\\\/\\\/hoytlavt.no\\\/trondheim\\\/#organization\",\"name\":\"H\u00f8yt &amp; Lavt Trondheim\",\"url\":\"https:\\\/\\\/hoytlavt.no\\\/trondheim\\\/\",\"logo\":{\"@type\":\"ImageObject\",\"inLanguage\":\"nb-NO\",\"@id\":\"https:\\\/\\\/hoytlavt.no\\\/trondheim\\\/#\\\/schema\\\/logo\\\/image\\\/\",\"url\":\"https:\\\/\\\/hoytlavt.no\\\/trondheim\\\/wp-content\\\/uploads\\\/sites\\\/12\\\/sites\\\/12\\\/Trondheim - Bilder\\\/hl-logo-trd-trondheim-neg.svg\",\"contentUrl\":\"https:\\\/\\\/hoytlavt.no\\\/trondheim\\\/wp-content\\\/uploads\\\/sites\\\/12\\\/sites\\\/12\\\/Trondheim - Bilder\\\/hl-logo-trd-trondheim-neg.svg\",\"width\":286,\"height\":96,\"caption\":\"H\u00f8yt &amp; Lavt Trondheim\"},\"image\":{\"@id\":\"https:\\\/\\\/hoytlavt.no\\\/trondheim\\\/#\\\/schema\\\/logo\\\/image\\\/\"}}]}<\/script>\n<!-- \/ Yoast SEO Premium plugin. -->","yoast_head_json":{"title":"Zipline - H\u00f8yt & Lavt Trondheim","description":"I klatreparken har vi 18 ulike ziplines. Ziplinene er plassert oppe i tr\u00e6rne og utgj\u00f8r deler av klatrel\u00f8ypene. 6 av 7 av v\u00e5re klatrel\u00f8yper har ziplines. Noen er lange, andre kortere.","robots":{"index":"index","follow":"follow","max-snippet":"max-snippet:-1","max-image-preview":"max-image-preview:large","max-video-preview":"max-video-preview:-1"},"canonical":"https:\/\/hoytlavt.no\/trondheim\/klatrepark\/zipline\/","og_locale":"nb_NO","og_type":"article","og_title":"Zipline","og_description":"I klatreparken har vi 18 ulike ziplines. Ziplinene er plassert oppe i tr\u00e6rne og utgj\u00f8r deler av klatrel\u00f8ypene.","og_url":"https:\/\/hoytlavt.no\/trondheim\/klatrepark\/zipline\/","og_site_name":"H\u00f8yt &amp; Lavt Trondheim","article_modified_time":"2025-06-23T04:50:28+00:00","og_image":[{"width":720,"height":400,"url":"https:\/\/hoytlavt.no\/trondheim\/wp-content\/uploads\/sites\/12\/sites\/12\/trd-klatrepark-voksen-zip-01-1-1.jpg","type":"image\/jpeg"}],"twitter_card":"summary_large_image","twitter_misc":{"Ansl. lesetid":"2 minutter"},"schema":{"@context":"https:\/\/schema.org","@graph":[{"@type":"WebPage","@id":"https:\/\/hoytlavt.no\/trondheim\/klatrepark\/zipline\/","url":"https:\/\/hoytlavt.no\/trondheim\/klatrepark\/zipline\/","name":"Zipline - H\u00f8yt & Lavt Trondheim","isPartOf":{"@id":"https:\/\/hoytlavt.no\/trondheim\/#website"},"primaryImageOfPage":{"@id":"https:\/\/hoytlavt.no\/trondheim\/klatrepark\/zipline\/#primaryimage"},"image":{"@id":"https:\/\/hoytlavt.no\/trondheim\/klatrepark\/zipline\/#primaryimage"},"thumbnailUrl":"https:\/\/hoytlavt.no\/trondheim\/wp-content\/uploads\/sites\/12\/sites\/12\/trd-klatrepark-voksen-zip-01-1-1.jpg","datePublished":"2020-05-18T11:44:18+00:00","dateModified":"2025-06-23T04:50:28+00:00","description":"I klatreparken har vi 18 ulike ziplines. Ziplinene er plassert oppe i tr\u00e6rne og utgj\u00f8r deler av klatrel\u00f8ypene. 6 av 7 av v\u00e5re klatrel\u00f8yper har ziplines. Noen er lange, andre kortere.","breadcrumb":{"@id":"https:\/\/hoytlavt.no\/trondheim\/klatrepark\/zipline\/#breadcrumb"},"inLanguage":"nb-NO","potentialAction":[{"@type":"ReadAction","target":["https:\/\/hoytlavt.no\/trondheim\/klatrepark\/zipline\/"]}]},{"@type":"ImageObject","inLanguage":"nb-NO","@id":"https:\/\/hoytlavt.no\/trondheim\/klatrepark\/zipline\/#primaryimage","url":"https:\/\/hoytlavt.no\/trondheim\/wp-content\/uploads\/sites\/12\/sites\/12\/trd-klatrepark-voksen-zip-01-1-1.jpg","contentUrl":"https:\/\/hoytlavt.no\/trondheim\/wp-content\/uploads\/sites\/12\/sites\/12\/trd-klatrepark-voksen-zip-01-1-1.jpg","width":720,"height":400},{"@type":"BreadcrumbList","@id":"https:\/\/hoytlavt.no\/trondheim\/klatrepark\/zipline\/#breadcrumb","itemListElement":[{"@type":"ListItem","position":1,"name":"Hjem","item":"https:\/\/hoytlavt.no\/trondheim\/en\/"},{"@type":"ListItem","position":2,"name":"Klatrepark","item":"https:\/\/hoytlavt.no\/trondheim\/klatrepark\/"},{"@type":"ListItem","position":3,"name":"Zipline"}]},{"@type":"WebSite","@id":"https:\/\/hoytlavt.no\/trondheim\/#website","url":"https:\/\/hoytlavt.no\/trondheim\/","name":"H\u00f8yt &amp; Lavt Trondheim","description":"Norges nest st\u00f8rste klatrepark med hele 41 zipliner","publisher":{"@id":"https:\/\/hoytlavt.no\/trondheim\/#organization"},"potentialAction":[{"@type":"SearchAction","target":{"@type":"EntryPoint","urlTemplate":"https:\/\/hoytlavt.no\/trondheim\/?s={search_term_string}"},"query-input":{"@type":"PropertyValueSpecification","valueRequired":true,"valueName":"search_term_string"}}],"inLanguage":"nb-NO"},{"@type":"Organization","@id":"https:\/\/hoytlavt.no\/trondheim\/#organization","name":"H\u00f8yt &amp; Lavt Trondheim","url":"https:\/\/hoytlavt.no\/trondheim\/","logo":{"@type":"ImageObject","inLanguage":"nb-NO","@id":"https:\/\/hoytlavt.no\/trondheim\/#\/schema\/logo\/image\/","url":"https:\/\/hoytlavt.no\/trondheim\/wp-content\/uploads\/sites\/12\/sites\/12\/Trondheim - Bilder\/hl-logo-trd-trondheim-neg.svg","contentUrl":"https:\/\/hoytlavt.no\/trondheim\/wp-content\/uploads\/sites\/12\/sites\/12\/Trondheim - Bilder\/hl-logo-trd-trondheim-neg.svg","width":286,"height":96,"caption":"H\u00f8yt &amp; Lavt Trondheim"},"image":{"@id":"https:\/\/hoytlavt.no\/trondheim\/#\/schema\/logo\/image\/"}}]}},"_links":{"self":[{"href":"https:\/\/hoytlavt.no\/trondheim\/wp-json\/wp\/v2\/pages\/193","targetHints":{"allow":["GET"]}}],"collection":[{"href":"https:\/\/hoytlavt.no\/trondheim\/wp-json\/wp\/v2\/pages"}],"about":[{"href":"https:\/\/hoytlavt.no\/trondheim\/wp-json\/wp\/v2\/types\/page"}],"author":[{"embeddable":true,"href":"https:\/\/hoytlavt.no\/trondheim\/wp-json\/wp\/v2\/users\/1"}],"replies":[{"embeddable":true,"href":"https:\/\/hoytlavt.no\/trondheim\/wp-json\/wp\/v2\/comments?post=193"}],"version-history":[{"count":4,"href":"https:\/\/hoytlavt.no\/trondheim\/wp-json\/wp\/v2\/pages\/193\/revisions"}],"predecessor-version":[{"id":2999,"href":"https:\/\/hoytlavt.no\/trondheim\/wp-json\/wp\/v2\/pages\/193\/revisions\/2999"}],"up":[{"embeddable":true,"href":"https:\/\/hoytlavt.no\/trondheim\/wp-json\/wp\/v2\/pages\/9"}],"wp:featuredmedia":[{"embeddable":true,"href":"https:\/\/hoytlavt.no\/trondheim\/wp-json\/wp\/v2\/media\/598"}],"wp:attachment":[{"href":"https:\/\/hoytlavt.no\/trondheim\/wp-json\/wp\/v2\/media?parent=193"}],"curies":[{"name":"wp","href":"https:\/\/api.w.org\/{rel}","templated":true}]}}