{"id":191,"date":"2020-05-18T13:44:02","date_gmt":"2020-05-18T11:44:02","guid":{"rendered":"https:\/\/266909-www.web.tornado-node.net\/trondheim\/?page_id=191"},"modified":"2024-03-17T11:20:09","modified_gmt":"2024-03-17T10:20:09","slug":"bilder-video","status":"publish","type":"page","link":"https:\/\/hoytlavt.no\/trondheim\/klatrepark\/bilder-video\/","title":{"rendered":"Bilder &amp; Video"},"content":{"rendered":"","protected":false},"excerpt":{"rendered":"","protected":false},"author":1,"featured_media":217,"parent":9,"menu_order":0,"comment_status":"closed","ping_status":"closed","template":"page-gallery.php","meta":{"_acf_changed":false,"inline_featured_image":false,"footnotes":""},"class_list":["post-191","page","type-page","status-publish","has-post-thumbnail","hentry"],"acf":[],"yoast_head":"<!-- This site is optimized with the Yoast SEO Premium plugin v26.8 (Yoast SEO v27.4) - https:\/\/yoast.com\/product\/yoast-seo-premium-wordpress\/ -->\n<title>Bilder &amp; Video - H\u00f8yt &amp; Lavt Trondheim<\/title>\n<meta name=\"description\" content=\"Se hva du kan oppleve i klatreparken v\u00e5r. Her er video og bilder fra klatreparken H\u00f8yt &amp; Lavt Trondheim.\" \/>\n<meta name=\"robots\" content=\"index, follow, max-snippet:-1, max-image-preview:large, max-video-preview:-1\" \/>\n<link rel=\"canonical\" href=\"https:\/\/hoytlavt.no\/trondheim\/klatrepark\/bilder-video\/\" \/>\n<meta property=\"og:locale\" content=\"nb_NO\" \/>\n<meta property=\"og:type\" content=\"article\" \/>\n<meta property=\"og:title\" content=\"Bilder &amp; Video\" \/>\n<meta property=\"og:description\" content=\"Her finner du bilder &amp; video fra H\u00f8yt &amp; Lavt Trondheim.\" \/>\n<meta property=\"og:url\" content=\"https:\/\/hoytlavt.no\/trondheim\/klatrepark\/bilder-video\/\" \/>\n<meta property=\"og:site_name\" content=\"H\u00f8yt &amp; Lavt Trondheim\" \/>\n<meta property=\"article:modified_time\" content=\"2024-03-17T10:20:09+00:00\" \/>\n<meta property=\"og:image\" content=\"https:\/\/hoytlavt.no\/trondheim\/wp-content\/uploads\/sites\/12\/sites\/12\/trd-klatrepark-voksen-zip-01-1.jpg\" \/>\n\t<meta property=\"og:image:width\" content=\"720\" \/>\n\t<meta property=\"og:image:height\" content=\"400\" \/>\n\t<meta property=\"og:image:type\" content=\"image\/jpeg\" \/>\n<meta name=\"twitter:card\" content=\"summary_large_image\" \/>\n<meta name=\"twitter:label1\" content=\"Ansl. lesetid\" \/>\n\t<meta name=\"twitter:data1\" content=\"2 minutter\" \/>\n<script type=\"application\/ld+json\" class=\"yoast-schema-graph\">{\"@context\":\"https:\\\/\\\/schema.org\",\"@graph\":[{\"@type\":\"WebPage\",\"@id\":\"https:\\\/\\\/hoytlavt.no\\\/trondheim\\\/klatrepark\\\/bilder-video\\\/\",\"url\":\"https:\\\/\\\/hoytlavt.no\\\/trondheim\\\/klatrepark\\\/bilder-video\\\/\",\"name\":\"Bilder & Video - H\u00f8yt & Lavt Trondheim\",\"isPartOf\":{\"@id\":\"https:\\\/\\\/hoytlavt.no\\\/trondheim\\\/#website\"},\"primaryImageOfPage\":{\"@id\":\"https:\\\/\\\/hoytlavt.no\\\/trondheim\\\/klatrepark\\\/bilder-video\\\/#primaryimage\"},\"image\":{\"@id\":\"https:\\\/\\\/hoytlavt.no\\\/trondheim\\\/klatrepark\\\/bilder-video\\\/#primaryimage\"},\"thumbnailUrl\":\"https:\\\/\\\/hoytlavt.no\\\/trondheim\\\/wp-content\\\/uploads\\\/sites\\\/12\\\/sites\\\/12\\\/Trondheim - Bilder\\\/trd-klatrepark-voksen-zip-01.JPG\",\"datePublished\":\"2020-05-18T11:44:02+00:00\",\"dateModified\":\"2024-03-17T10:20:09+00:00\",\"description\":\"Se hva du kan oppleve i klatreparken v\u00e5r. Her er video og bilder fra klatreparken H\u00f8yt & Lavt Trondheim.\",\"breadcrumb\":{\"@id\":\"https:\\\/\\\/hoytlavt.no\\\/trondheim\\\/klatrepark\\\/bilder-video\\\/#breadcrumb\"},\"inLanguage\":\"nb-NO\",\"potentialAction\":[{\"@type\":\"ReadAction\",\"target\":[\"https:\\\/\\\/hoytlavt.no\\\/trondheim\\\/klatrepark\\\/bilder-video\\\/\"]}]},{\"@type\":\"ImageObject\",\"inLanguage\":\"nb-NO\",\"@id\":\"https:\\\/\\\/hoytlavt.no\\\/trondheim\\\/klatrepark\\\/bilder-video\\\/#primaryimage\",\"url\":\"https:\\\/\\\/hoytlavt.no\\\/trondheim\\\/wp-content\\\/uploads\\\/sites\\\/12\\\/sites\\\/12\\\/Trondheim - Bilder\\\/trd-klatrepark-voksen-zip-01.JPG\",\"contentUrl\":\"https:\\\/\\\/hoytlavt.no\\\/trondheim\\\/wp-content\\\/uploads\\\/sites\\\/12\\\/sites\\\/12\\\/Trondheim - Bilder\\\/trd-klatrepark-voksen-zip-01.JPG\",\"width\":1280,\"height\":680},{\"@type\":\"BreadcrumbList\",\"@id\":\"https:\\\/\\\/hoytlavt.no\\\/trondheim\\\/klatrepark\\\/bilder-video\\\/#breadcrumb\",\"itemListElement\":[{\"@type\":\"ListItem\",\"position\":1,\"name\":\"Hjem\",\"item\":\"https:\\\/\\\/hoytlavt.no\\\/trondheim\\\/en\\\/\"},{\"@type\":\"ListItem\",\"position\":2,\"name\":\"Klatrepark\",\"item\":\"https:\\\/\\\/hoytlavt.no\\\/trondheim\\\/klatrepark\\\/\"},{\"@type\":\"ListItem\",\"position\":3,\"name\":\"Bilder &amp; Video\"}]},{\"@type\":\"WebSite\",\"@id\":\"https:\\\/\\\/hoytlavt.no\\\/trondheim\\\/#website\",\"url\":\"https:\\\/\\\/hoytlavt.no\\\/trondheim\\\/\",\"name\":\"H\u00f8yt &amp; Lavt Trondheim\",\"description\":\"Norges nest st\u00f8rste klatrepark med hele 41 zipliner\",\"publisher\":{\"@id\":\"https:\\\/\\\/hoytlavt.no\\\/trondheim\\\/#organization\"},\"potentialAction\":[{\"@type\":\"SearchAction\",\"target\":{\"@type\":\"EntryPoint\",\"urlTemplate\":\"https:\\\/\\\/hoytlavt.no\\\/trondheim\\\/?s={search_term_string}\"},\"query-input\":{\"@type\":\"PropertyValueSpecification\",\"valueRequired\":true,\"valueName\":\"search_term_string\"}}],\"inLanguage\":\"nb-NO\"},{\"@type\":\"Organization\",\"@id\":\"https:\\\/\\\/hoytlavt.no\\\/trondheim\\\/#organization\",\"name\":\"H\u00f8yt &amp; Lavt Trondheim\",\"url\":\"https:\\\/\\\/hoytlavt.no\\\/trondheim\\\/\",\"logo\":{\"@type\":\"ImageObject\",\"inLanguage\":\"nb-NO\",\"@id\":\"https:\\\/\\\/hoytlavt.no\\\/trondheim\\\/#\\\/schema\\\/logo\\\/image\\\/\",\"url\":\"https:\\\/\\\/hoytlavt.no\\\/trondheim\\\/wp-content\\\/uploads\\\/sites\\\/12\\\/sites\\\/12\\\/Trondheim - Bilder\\\/hl-logo-trd-trondheim-neg.svg\",\"contentUrl\":\"https:\\\/\\\/hoytlavt.no\\\/trondheim\\\/wp-content\\\/uploads\\\/sites\\\/12\\\/sites\\\/12\\\/Trondheim - Bilder\\\/hl-logo-trd-trondheim-neg.svg\",\"width\":286,\"height\":96,\"caption\":\"H\u00f8yt &amp; Lavt Trondheim\"},\"image\":{\"@id\":\"https:\\\/\\\/hoytlavt.no\\\/trondheim\\\/#\\\/schema\\\/logo\\\/image\\\/\"}}]}<\/script>\n<!-- \/ Yoast SEO Premium plugin. -->","yoast_head_json":{"title":"Bilder & Video - H\u00f8yt & Lavt Trondheim","description":"Se hva du kan oppleve i klatreparken v\u00e5r. Her er video og bilder fra klatreparken H\u00f8yt & Lavt Trondheim.","robots":{"index":"index","follow":"follow","max-snippet":"max-snippet:-1","max-image-preview":"max-image-preview:large","max-video-preview":"max-video-preview:-1"},"canonical":"https:\/\/hoytlavt.no\/trondheim\/klatrepark\/bilder-video\/","og_locale":"nb_NO","og_type":"article","og_title":"Bilder &amp; Video","og_description":"Her finner du bilder & video fra H\u00f8yt & Lavt Trondheim.","og_url":"https:\/\/hoytlavt.no\/trondheim\/klatrepark\/bilder-video\/","og_site_name":"H\u00f8yt &amp; Lavt Trondheim","article_modified_time":"2024-03-17T10:20:09+00:00","og_image":[{"width":720,"height":400,"url":"https:\/\/hoytlavt.no\/trondheim\/wp-content\/uploads\/sites\/12\/sites\/12\/trd-klatrepark-voksen-zip-01-1.jpg","type":"image\/jpeg"}],"twitter_card":"summary_large_image","twitter_misc":{"Ansl. lesetid":"2 minutter"},"schema":{"@context":"https:\/\/schema.org","@graph":[{"@type":"WebPage","@id":"https:\/\/hoytlavt.no\/trondheim\/klatrepark\/bilder-video\/","url":"https:\/\/hoytlavt.no\/trondheim\/klatrepark\/bilder-video\/","name":"Bilder & Video - H\u00f8yt & Lavt Trondheim","isPartOf":{"@id":"https:\/\/hoytlavt.no\/trondheim\/#website"},"primaryImageOfPage":{"@id":"https:\/\/hoytlavt.no\/trondheim\/klatrepark\/bilder-video\/#primaryimage"},"image":{"@id":"https:\/\/hoytlavt.no\/trondheim\/klatrepark\/bilder-video\/#primaryimage"},"thumbnailUrl":"https:\/\/hoytlavt.no\/trondheim\/wp-content\/uploads\/sites\/12\/sites\/12\/Trondheim - Bilder\/trd-klatrepark-voksen-zip-01.JPG","datePublished":"2020-05-18T11:44:02+00:00","dateModified":"2024-03-17T10:20:09+00:00","description":"Se hva du kan oppleve i klatreparken v\u00e5r. Her er video og bilder fra klatreparken H\u00f8yt & Lavt Trondheim.","breadcrumb":{"@id":"https:\/\/hoytlavt.no\/trondheim\/klatrepark\/bilder-video\/#breadcrumb"},"inLanguage":"nb-NO","potentialAction":[{"@type":"ReadAction","target":["https:\/\/hoytlavt.no\/trondheim\/klatrepark\/bilder-video\/"]}]},{"@type":"ImageObject","inLanguage":"nb-NO","@id":"https:\/\/hoytlavt.no\/trondheim\/klatrepark\/bilder-video\/#primaryimage","url":"https:\/\/hoytlavt.no\/trondheim\/wp-content\/uploads\/sites\/12\/sites\/12\/Trondheim - Bilder\/trd-klatrepark-voksen-zip-01.JPG","contentUrl":"https:\/\/hoytlavt.no\/trondheim\/wp-content\/uploads\/sites\/12\/sites\/12\/Trondheim - Bilder\/trd-klatrepark-voksen-zip-01.JPG","width":1280,"height":680},{"@type":"BreadcrumbList","@id":"https:\/\/hoytlavt.no\/trondheim\/klatrepark\/bilder-video\/#breadcrumb","itemListElement":[{"@type":"ListItem","position":1,"name":"Hjem","item":"https:\/\/hoytlavt.no\/trondheim\/en\/"},{"@type":"ListItem","position":2,"name":"Klatrepark","item":"https:\/\/hoytlavt.no\/trondheim\/klatrepark\/"},{"@type":"ListItem","position":3,"name":"Bilder &amp; Video"}]},{"@type":"WebSite","@id":"https:\/\/hoytlavt.no\/trondheim\/#website","url":"https:\/\/hoytlavt.no\/trondheim\/","name":"H\u00f8yt &amp; Lavt Trondheim","description":"Norges nest st\u00f8rste klatrepark med hele 41 zipliner","publisher":{"@id":"https:\/\/hoytlavt.no\/trondheim\/#organization"},"potentialAction":[{"@type":"SearchAction","target":{"@type":"EntryPoint","urlTemplate":"https:\/\/hoytlavt.no\/trondheim\/?s={search_term_string}"},"query-input":{"@type":"PropertyValueSpecification","valueRequired":true,"valueName":"search_term_string"}}],"inLanguage":"nb-NO"},{"@type":"Organization","@id":"https:\/\/hoytlavt.no\/trondheim\/#organization","name":"H\u00f8yt &amp; Lavt Trondheim","url":"https:\/\/hoytlavt.no\/trondheim\/","logo":{"@type":"ImageObject","inLanguage":"nb-NO","@id":"https:\/\/hoytlavt.no\/trondheim\/#\/schema\/logo\/image\/","url":"https:\/\/hoytlavt.no\/trondheim\/wp-content\/uploads\/sites\/12\/sites\/12\/Trondheim - Bilder\/hl-logo-trd-trondheim-neg.svg","contentUrl":"https:\/\/hoytlavt.no\/trondheim\/wp-content\/uploads\/sites\/12\/sites\/12\/Trondheim - Bilder\/hl-logo-trd-trondheim-neg.svg","width":286,"height":96,"caption":"H\u00f8yt &amp; Lavt Trondheim"},"image":{"@id":"https:\/\/hoytlavt.no\/trondheim\/#\/schema\/logo\/image\/"}}]}},"_links":{"self":[{"href":"https:\/\/hoytlavt.no\/trondheim\/wp-json\/wp\/v2\/pages\/191","targetHints":{"allow":["GET"]}}],"collection":[{"href":"https:\/\/hoytlavt.no\/trondheim\/wp-json\/wp\/v2\/pages"}],"about":[{"href":"https:\/\/hoytlavt.no\/trondheim\/wp-json\/wp\/v2\/types\/page"}],"author":[{"embeddable":true,"href":"https:\/\/hoytlavt.no\/trondheim\/wp-json\/wp\/v2\/users\/1"}],"replies":[{"embeddable":true,"href":"https:\/\/hoytlavt.no\/trondheim\/wp-json\/wp\/v2\/comments?post=191"}],"version-history":[{"count":18,"href":"https:\/\/hoytlavt.no\/trondheim\/wp-json\/wp\/v2\/pages\/191\/revisions"}],"predecessor-version":[{"id":2626,"href":"https:\/\/hoytlavt.no\/trondheim\/wp-json\/wp\/v2\/pages\/191\/revisions\/2626"}],"up":[{"embeddable":true,"href":"https:\/\/hoytlavt.no\/trondheim\/wp-json\/wp\/v2\/pages\/9"}],"wp:featuredmedia":[{"embeddable":true,"href":"https:\/\/hoytlavt.no\/trondheim\/wp-json\/wp\/v2\/media\/217"}],"wp:attachment":[{"href":"https:\/\/hoytlavt.no\/trondheim\/wp-json\/wp\/v2\/media?parent=191"}],"curies":[{"name":"wp","href":"https:\/\/api.w.org\/{rel}","templated":true}]}}