{"id":164,"date":"2020-05-18T13:35:16","date_gmt":"2020-05-18T11:35:16","guid":{"rendered":"https:\/\/266909-www.web.tornado-node.net\/trondheim\/?page_id=164"},"modified":"2025-12-01T06:36:02","modified_gmt":"2025-12-01T05:36:02","slug":"forside","status":"publish","type":"page","link":"https:\/\/hoytlavt.no\/trondheim\/","title":{"rendered":"Trondheims beste utested!?"},"content":{"rendered":"\n<p><\/p>\n\n\n\n<p><br><\/p>\n\n\n\n<p><\/p>\n\n\n\n<p><\/p>\n","protected":false},"excerpt":{"rendered":"","protected":false},"author":1,"featured_media":597,"parent":0,"menu_order":0,"comment_status":"closed","ping_status":"closed","template":"page-home.php","meta":{"_acf_changed":false,"inline_featured_image":false,"footnotes":""},"class_list":["post-164","page","type-page","status-publish","has-post-thumbnail","hentry"],"acf":[],"yoast_head":"<!-- This site is optimized with the Yoast SEO Premium plugin v26.8 (Yoast SEO v26.9) - https:\/\/yoast.com\/product\/yoast-seo-premium-wordpress\/ -->\n<title>Trondheim - H\u00f8yt &amp; Lavt Trondheim<\/title>\n<meta name=\"description\" content=\"5 min fra Trondheim sentrum finner dere klatreparken H\u00f8yt &amp; Lavt Trondheim. Her er det 10 klatrel\u00f8yper i skogen, klare for aktivitet.\" \/>\n<meta name=\"robots\" content=\"index, follow, max-snippet:-1, max-image-preview:large, max-video-preview:-1\" \/>\n<link rel=\"canonical\" href=\"https:\/\/hoytlavt.no\/trondheim\/\" \/>\n<meta property=\"og:locale\" content=\"nb_NO\" \/>\n<meta property=\"og:type\" content=\"article\" \/>\n<meta property=\"og:title\" content=\"Trondheim - H\u00f8yt &amp; Lavt Trondheim\" \/>\n<meta property=\"og:description\" content=\"10 min fra Trondheim sentrum finner dere klatreparken H\u00f8yt &amp; Lavt Trondheim. Her finner dere 83 hinder, 18 zipliner og 7 klatrel\u00f8yper klare for aktivitet.\" \/>\n<meta property=\"og:url\" content=\"https:\/\/hoytlavt.no\/trondheim\/\" \/>\n<meta property=\"og:site_name\" content=\"H\u00f8yt &amp; Lavt Trondheim\" \/>\n<meta property=\"article:modified_time\" content=\"2025-12-01T05:36:02+00:00\" \/>\n<meta property=\"og:image\" content=\"https:\/\/hoytlavt.no\/trondheim\/wp-content\/uploads\/sites\/12\/sites\/12\/trd-klatrepark-voksen-zip-01-1.jpg\" \/>\n\t<meta property=\"og:image:width\" content=\"720\" \/>\n\t<meta property=\"og:image:height\" content=\"400\" \/>\n\t<meta property=\"og:image:type\" content=\"image\/jpeg\" \/>\n<meta name=\"twitter:card\" content=\"summary_large_image\" \/>\n<meta name=\"twitter:title\" content=\"Trondheims beste utested!?\" \/>\n<meta name=\"twitter:label1\" content=\"Ansl. lesetid\" \/>\n\t<meta name=\"twitter:data1\" content=\"5 minutter\" \/>\n<script type=\"application\/ld+json\" class=\"yoast-schema-graph\">{\"@context\":\"https:\/\/schema.org\",\"@graph\":[{\"@type\":\"WebPage\",\"@id\":\"https:\/\/hoytlavt.no\/trondheim\/\",\"url\":\"https:\/\/hoytlavt.no\/trondheim\/\",\"name\":\"Trondheim - H\u00f8yt & Lavt Trondheim\",\"isPartOf\":{\"@id\":\"https:\/\/hoytlavt.no\/trondheim\/#website\"},\"primaryImageOfPage\":{\"@id\":\"https:\/\/hoytlavt.no\/trondheim\/#primaryimage\"},\"image\":{\"@id\":\"https:\/\/hoytlavt.no\/trondheim\/#primaryimage\"},\"thumbnailUrl\":\"https:\/\/hoytlavt.no\/trondheim\/wp-content\/uploads\/sites\/12\/sites\/12\/trd-klatrepark-voksen-zip-01-1.jpg\",\"datePublished\":\"2020-05-18T11:35:16+00:00\",\"dateModified\":\"2025-12-01T05:36:02+00:00\",\"description\":\"5 min fra Trondheim sentrum finner dere klatreparken H\u00f8yt & Lavt Trondheim. Her er det 10 klatrel\u00f8yper i skogen, klare for aktivitet.\",\"breadcrumb\":{\"@id\":\"https:\/\/hoytlavt.no\/trondheim\/#breadcrumb\"},\"inLanguage\":\"nb-NO\",\"potentialAction\":[{\"@type\":\"ReadAction\",\"target\":[\"https:\/\/hoytlavt.no\/trondheim\/\"]}]},{\"@type\":\"ImageObject\",\"inLanguage\":\"nb-NO\",\"@id\":\"https:\/\/hoytlavt.no\/trondheim\/#primaryimage\",\"url\":\"https:\/\/hoytlavt.no\/trondheim\/wp-content\/uploads\/sites\/12\/sites\/12\/trd-klatrepark-voksen-zip-01-1.jpg\",\"contentUrl\":\"https:\/\/hoytlavt.no\/trondheim\/wp-content\/uploads\/sites\/12\/sites\/12\/trd-klatrepark-voksen-zip-01-1.jpg\",\"width\":720,\"height\":400,\"caption\":\"zipline i klatreparken i Trondheim - H\u00f8yt & Lavt\"},{\"@type\":\"BreadcrumbList\",\"@id\":\"https:\/\/hoytlavt.no\/trondheim\/#breadcrumb\",\"itemListElement\":[{\"@type\":\"ListItem\",\"position\":1,\"name\":\"Hjem\",\"item\":\"https:\/\/hoytlavt.no\/trondheim\/en\/\"},{\"@type\":\"ListItem\",\"position\":2,\"name\":\"Trondheims beste utested!?\"}]},{\"@type\":\"WebSite\",\"@id\":\"https:\/\/hoytlavt.no\/trondheim\/#website\",\"url\":\"https:\/\/hoytlavt.no\/trondheim\/\",\"name\":\"H\u00f8yt &amp; Lavt Trondheim\",\"description\":\"Norges nest st\u00f8rste klatrepark med hele 41 zipliner\",\"publisher\":{\"@id\":\"https:\/\/hoytlavt.no\/trondheim\/#organization\"},\"potentialAction\":[{\"@type\":\"SearchAction\",\"target\":{\"@type\":\"EntryPoint\",\"urlTemplate\":\"https:\/\/hoytlavt.no\/trondheim\/?s={search_term_string}\"},\"query-input\":{\"@type\":\"PropertyValueSpecification\",\"valueRequired\":true,\"valueName\":\"search_term_string\"}}],\"inLanguage\":\"nb-NO\"},{\"@type\":\"Organization\",\"@id\":\"https:\/\/hoytlavt.no\/trondheim\/#organization\",\"name\":\"H\u00f8yt &amp; Lavt Trondheim\",\"url\":\"https:\/\/hoytlavt.no\/trondheim\/\",\"logo\":{\"@type\":\"ImageObject\",\"inLanguage\":\"nb-NO\",\"@id\":\"https:\/\/hoytlavt.no\/trondheim\/#\/schema\/logo\/image\/\",\"url\":\"https:\/\/hoytlavt.no\/trondheim\/wp-content\/uploads\/sites\/12\/sites\/12\/Trondheim - Bilder\/hl-logo-trd-trondheim-neg.svg\",\"contentUrl\":\"https:\/\/hoytlavt.no\/trondheim\/wp-content\/uploads\/sites\/12\/sites\/12\/Trondheim - Bilder\/hl-logo-trd-trondheim-neg.svg\",\"width\":286,\"height\":96,\"caption\":\"H\u00f8yt &amp; Lavt Trondheim\"},\"image\":{\"@id\":\"https:\/\/hoytlavt.no\/trondheim\/#\/schema\/logo\/image\/\"}}]}<\/script>\n<!-- \/ Yoast SEO Premium plugin. -->","yoast_head_json":{"title":"Trondheim - H\u00f8yt & Lavt Trondheim","description":"5 min fra Trondheim sentrum finner dere klatreparken H\u00f8yt & Lavt Trondheim. Her er det 10 klatrel\u00f8yper i skogen, klare for aktivitet.","robots":{"index":"index","follow":"follow","max-snippet":"max-snippet:-1","max-image-preview":"max-image-preview:large","max-video-preview":"max-video-preview:-1"},"canonical":"https:\/\/hoytlavt.no\/trondheim\/","og_locale":"nb_NO","og_type":"article","og_title":"Trondheim - H\u00f8yt & Lavt Trondheim","og_description":"10 min fra Trondheim sentrum finner dere klatreparken H\u00f8yt & Lavt Trondheim. Her finner dere 83 hinder, 18 zipliner og 7 klatrel\u00f8yper klare for aktivitet.","og_url":"https:\/\/hoytlavt.no\/trondheim\/","og_site_name":"H\u00f8yt &amp; Lavt Trondheim","article_modified_time":"2025-12-01T05:36:02+00:00","og_image":[{"width":720,"height":400,"url":"https:\/\/hoytlavt.no\/trondheim\/wp-content\/uploads\/sites\/12\/sites\/12\/trd-klatrepark-voksen-zip-01-1.jpg","type":"image\/jpeg"}],"twitter_card":"summary_large_image","twitter_title":"Trondheims beste utested!?","twitter_misc":{"Ansl. lesetid":"5 minutter"},"schema":{"@context":"https:\/\/schema.org","@graph":[{"@type":"WebPage","@id":"https:\/\/hoytlavt.no\/trondheim\/","url":"https:\/\/hoytlavt.no\/trondheim\/","name":"Trondheim - H\u00f8yt & Lavt Trondheim","isPartOf":{"@id":"https:\/\/hoytlavt.no\/trondheim\/#website"},"primaryImageOfPage":{"@id":"https:\/\/hoytlavt.no\/trondheim\/#primaryimage"},"image":{"@id":"https:\/\/hoytlavt.no\/trondheim\/#primaryimage"},"thumbnailUrl":"https:\/\/hoytlavt.no\/trondheim\/wp-content\/uploads\/sites\/12\/sites\/12\/trd-klatrepark-voksen-zip-01-1.jpg","datePublished":"2020-05-18T11:35:16+00:00","dateModified":"2025-12-01T05:36:02+00:00","description":"5 min fra Trondheim sentrum finner dere klatreparken H\u00f8yt & Lavt Trondheim. Her er det 10 klatrel\u00f8yper i skogen, klare for aktivitet.","breadcrumb":{"@id":"https:\/\/hoytlavt.no\/trondheim\/#breadcrumb"},"inLanguage":"nb-NO","potentialAction":[{"@type":"ReadAction","target":["https:\/\/hoytlavt.no\/trondheim\/"]}]},{"@type":"ImageObject","inLanguage":"nb-NO","@id":"https:\/\/hoytlavt.no\/trondheim\/#primaryimage","url":"https:\/\/hoytlavt.no\/trondheim\/wp-content\/uploads\/sites\/12\/sites\/12\/trd-klatrepark-voksen-zip-01-1.jpg","contentUrl":"https:\/\/hoytlavt.no\/trondheim\/wp-content\/uploads\/sites\/12\/sites\/12\/trd-klatrepark-voksen-zip-01-1.jpg","width":720,"height":400,"caption":"zipline i klatreparken i Trondheim - H\u00f8yt & Lavt"},{"@type":"BreadcrumbList","@id":"https:\/\/hoytlavt.no\/trondheim\/#breadcrumb","itemListElement":[{"@type":"ListItem","position":1,"name":"Hjem","item":"https:\/\/hoytlavt.no\/trondheim\/en\/"},{"@type":"ListItem","position":2,"name":"Trondheims beste utested!?"}]},{"@type":"WebSite","@id":"https:\/\/hoytlavt.no\/trondheim\/#website","url":"https:\/\/hoytlavt.no\/trondheim\/","name":"H\u00f8yt &amp; Lavt Trondheim","description":"Norges nest st\u00f8rste klatrepark med hele 41 zipliner","publisher":{"@id":"https:\/\/hoytlavt.no\/trondheim\/#organization"},"potentialAction":[{"@type":"SearchAction","target":{"@type":"EntryPoint","urlTemplate":"https:\/\/hoytlavt.no\/trondheim\/?s={search_term_string}"},"query-input":{"@type":"PropertyValueSpecification","valueRequired":true,"valueName":"search_term_string"}}],"inLanguage":"nb-NO"},{"@type":"Organization","@id":"https:\/\/hoytlavt.no\/trondheim\/#organization","name":"H\u00f8yt &amp; Lavt Trondheim","url":"https:\/\/hoytlavt.no\/trondheim\/","logo":{"@type":"ImageObject","inLanguage":"nb-NO","@id":"https:\/\/hoytlavt.no\/trondheim\/#\/schema\/logo\/image\/","url":"https:\/\/hoytlavt.no\/trondheim\/wp-content\/uploads\/sites\/12\/sites\/12\/Trondheim - Bilder\/hl-logo-trd-trondheim-neg.svg","contentUrl":"https:\/\/hoytlavt.no\/trondheim\/wp-content\/uploads\/sites\/12\/sites\/12\/Trondheim - Bilder\/hl-logo-trd-trondheim-neg.svg","width":286,"height":96,"caption":"H\u00f8yt &amp; Lavt Trondheim"},"image":{"@id":"https:\/\/hoytlavt.no\/trondheim\/#\/schema\/logo\/image\/"}}]}},"_links":{"self":[{"href":"https:\/\/hoytlavt.no\/trondheim\/wp-json\/wp\/v2\/pages\/164","targetHints":{"allow":["GET"]}}],"collection":[{"href":"https:\/\/hoytlavt.no\/trondheim\/wp-json\/wp\/v2\/pages"}],"about":[{"href":"https:\/\/hoytlavt.no\/trondheim\/wp-json\/wp\/v2\/types\/page"}],"author":[{"embeddable":true,"href":"https:\/\/hoytlavt.no\/trondheim\/wp-json\/wp\/v2\/users\/1"}],"replies":[{"embeddable":true,"href":"https:\/\/hoytlavt.no\/trondheim\/wp-json\/wp\/v2\/comments?post=164"}],"version-history":[{"count":286,"href":"https:\/\/hoytlavt.no\/trondheim\/wp-json\/wp\/v2\/pages\/164\/revisions"}],"predecessor-version":[{"id":3139,"href":"https:\/\/hoytlavt.no\/trondheim\/wp-json\/wp\/v2\/pages\/164\/revisions\/3139"}],"wp:featuredmedia":[{"embeddable":true,"href":"https:\/\/hoytlavt.no\/trondheim\/wp-json\/wp\/v2\/media\/597"}],"wp:attachment":[{"href":"https:\/\/hoytlavt.no\/trondheim\/wp-json\/wp\/v2\/media?parent=164"}],"curies":[{"name":"wp","href":"https:\/\/api.w.org\/{rel}","templated":true}]}}