{"id":15,"date":"2020-05-15T15:41:41","date_gmt":"2020-05-15T13:41:41","guid":{"rendered":"https:\/\/266909-www.web.tornado-node.net\/trondheim\/kontaktinfo\/"},"modified":"2024-06-04T22:38:03","modified_gmt":"2024-06-04T20:38:03","slug":"om-hoyt-lavt-trondheim","status":"publish","type":"page","link":"https:\/\/hoytlavt.no\/trondheim\/om-hoyt-lavt-trondheim\/","title":{"rendered":"Kontaktinformasjon"},"content":{"rendered":"\n<p class=\"has-text-align-left\">I H\u00f8yt &amp; Lavt klatreparker legger vi til rette for utfordrende aktiviteter og r\u00e5 opplevelser i et sikkert milj\u00f8, for alle aldre og ferdighetsniv\u00e5er.<\/p>\n","protected":false},"excerpt":{"rendered":"<p>I H\u00f8yt &amp; Lavt klatreparker legger vi til rette for utfordrende aktiviteter og r\u00e5 opplevelser [&hellip;]<\/p>\n","protected":false},"author":1,"featured_media":16,"parent":0,"menu_order":0,"comment_status":"closed","ping_status":"closed","template":"page-about.php","meta":{"_acf_changed":false,"inline_featured_image":false,"footnotes":""},"class_list":["post-15","page","type-page","status-publish","has-post-thumbnail","hentry"],"acf":[],"yoast_head":"<!-- This site is optimized with the Yoast SEO Premium plugin v26.8 (Yoast SEO v27.4) - https:\/\/yoast.com\/product\/yoast-seo-premium-wordpress\/ -->\n<title>Om h\u00f8yt &amp; Lavt Trondheim - H\u00f8yt &amp; Lavt Trondheim<\/title>\n<meta name=\"description\" content=\"Klatreparken best\u00e5r i hovedsak av ulike typer l\u00f8yper i tr\u00e6rne, med varierende lengde og vanskelighetsgrad. L\u00f8ypene best\u00e5r bl.a. av vaiere og tauverk som er bygget inn i det naturlige terrenget, og lar deg oppleve en spennende verden fra tretoppene\" \/>\n<meta name=\"robots\" content=\"index, follow, max-snippet:-1, max-image-preview:large, max-video-preview:-1\" \/>\n<link rel=\"canonical\" href=\"https:\/\/hoytlavt.no\/trondheim\/om-hoyt-lavt-trondheim\/\" \/>\n<meta property=\"og:locale\" content=\"nb_NO\" \/>\n<meta property=\"og:type\" content=\"article\" \/>\n<meta property=\"og:title\" content=\"Kontaktinformasjon\" \/>\n<meta property=\"og:description\" content=\"Klatreparken best\u00e5r i hovedsak av ulike typer l\u00f8yper i tr\u00e6rne, med varierende lengde og vanskelighetsgrad. L\u00f8ypene best\u00e5r bl.a. av vaiere og tauverk som er bygget inn i det naturlige terrenget, og lar deg oppleve en spennende verden fra tretoppene.\" \/>\n<meta property=\"og:url\" content=\"https:\/\/hoytlavt.no\/trondheim\/om-hoyt-lavt-trondheim\/\" \/>\n<meta property=\"og:site_name\" content=\"H\u00f8yt &amp; Lavt Trondheim\" \/>\n<meta property=\"article:modified_time\" content=\"2024-06-04T20:38:03+00:00\" \/>\n<meta property=\"og:image\" content=\"https:\/\/hoytlavt.no\/trondheim\/wp-content\/uploads\/sites\/12\/sites\/12\/IMG7238.jpg\" \/>\n\t<meta property=\"og:image:width\" content=\"1200\" \/>\n\t<meta property=\"og:image:height\" content=\"900\" \/>\n\t<meta property=\"og:image:type\" content=\"image\/jpeg\" \/>\n<meta name=\"twitter:card\" content=\"summary_large_image\" \/>\n<meta name=\"twitter:label1\" content=\"Ansl. lesetid\" \/>\n\t<meta name=\"twitter:data1\" content=\"3 minutter\" \/>\n<script type=\"application\/ld+json\" class=\"yoast-schema-graph\">{\"@context\":\"https:\\\/\\\/schema.org\",\"@graph\":[{\"@type\":\"WebPage\",\"@id\":\"https:\\\/\\\/hoytlavt.no\\\/trondheim\\\/om-hoyt-lavt-trondheim\\\/\",\"url\":\"https:\\\/\\\/hoytlavt.no\\\/trondheim\\\/om-hoyt-lavt-trondheim\\\/\",\"name\":\"Om h\u00f8yt & Lavt Trondheim - H\u00f8yt & Lavt Trondheim\",\"isPartOf\":{\"@id\":\"https:\\\/\\\/hoytlavt.no\\\/trondheim\\\/#website\"},\"primaryImageOfPage\":{\"@id\":\"https:\\\/\\\/hoytlavt.no\\\/trondheim\\\/om-hoyt-lavt-trondheim\\\/#primaryimage\"},\"image\":{\"@id\":\"https:\\\/\\\/hoytlavt.no\\\/trondheim\\\/om-hoyt-lavt-trondheim\\\/#primaryimage\"},\"thumbnailUrl\":\"https:\\\/\\\/hoytlavt.no\\\/trondheim\\\/wp-content\\\/uploads\\\/sites\\\/12\\\/sites\\\/12\\\/IMG7238.jpg\",\"datePublished\":\"2020-05-15T13:41:41+00:00\",\"dateModified\":\"2024-06-04T20:38:03+00:00\",\"description\":\"Klatreparken best\u00e5r i hovedsak av ulike typer l\u00f8yper i tr\u00e6rne, med varierende lengde og vanskelighetsgrad. L\u00f8ypene best\u00e5r bl.a. av vaiere og tauverk som er bygget inn i det naturlige terrenget, og lar deg oppleve en spennende verden fra tretoppene\",\"breadcrumb\":{\"@id\":\"https:\\\/\\\/hoytlavt.no\\\/trondheim\\\/om-hoyt-lavt-trondheim\\\/#breadcrumb\"},\"inLanguage\":\"nb-NO\",\"potentialAction\":[{\"@type\":\"ReadAction\",\"target\":[\"https:\\\/\\\/hoytlavt.no\\\/trondheim\\\/om-hoyt-lavt-trondheim\\\/\"]}]},{\"@type\":\"ImageObject\",\"inLanguage\":\"nb-NO\",\"@id\":\"https:\\\/\\\/hoytlavt.no\\\/trondheim\\\/om-hoyt-lavt-trondheim\\\/#primaryimage\",\"url\":\"https:\\\/\\\/hoytlavt.no\\\/trondheim\\\/wp-content\\\/uploads\\\/sites\\\/12\\\/sites\\\/12\\\/IMG7238.jpg\",\"contentUrl\":\"https:\\\/\\\/hoytlavt.no\\\/trondheim\\\/wp-content\\\/uploads\\\/sites\\\/12\\\/sites\\\/12\\\/IMG7238.jpg\",\"width\":1200,\"height\":900},{\"@type\":\"BreadcrumbList\",\"@id\":\"https:\\\/\\\/hoytlavt.no\\\/trondheim\\\/om-hoyt-lavt-trondheim\\\/#breadcrumb\",\"itemListElement\":[{\"@type\":\"ListItem\",\"position\":1,\"name\":\"Hjem\",\"item\":\"https:\\\/\\\/hoytlavt.no\\\/trondheim\\\/en\\\/\"},{\"@type\":\"ListItem\",\"position\":2,\"name\":\"Kontaktinformasjon\"}]},{\"@type\":\"WebSite\",\"@id\":\"https:\\\/\\\/hoytlavt.no\\\/trondheim\\\/#website\",\"url\":\"https:\\\/\\\/hoytlavt.no\\\/trondheim\\\/\",\"name\":\"H\u00f8yt &amp; Lavt Trondheim\",\"description\":\"Norges nest st\u00f8rste klatrepark med hele 41 zipliner\",\"publisher\":{\"@id\":\"https:\\\/\\\/hoytlavt.no\\\/trondheim\\\/#organization\"},\"potentialAction\":[{\"@type\":\"SearchAction\",\"target\":{\"@type\":\"EntryPoint\",\"urlTemplate\":\"https:\\\/\\\/hoytlavt.no\\\/trondheim\\\/?s={search_term_string}\"},\"query-input\":{\"@type\":\"PropertyValueSpecification\",\"valueRequired\":true,\"valueName\":\"search_term_string\"}}],\"inLanguage\":\"nb-NO\"},{\"@type\":\"Organization\",\"@id\":\"https:\\\/\\\/hoytlavt.no\\\/trondheim\\\/#organization\",\"name\":\"H\u00f8yt &amp; Lavt Trondheim\",\"url\":\"https:\\\/\\\/hoytlavt.no\\\/trondheim\\\/\",\"logo\":{\"@type\":\"ImageObject\",\"inLanguage\":\"nb-NO\",\"@id\":\"https:\\\/\\\/hoytlavt.no\\\/trondheim\\\/#\\\/schema\\\/logo\\\/image\\\/\",\"url\":\"https:\\\/\\\/hoytlavt.no\\\/trondheim\\\/wp-content\\\/uploads\\\/sites\\\/12\\\/sites\\\/12\\\/Trondheim - Bilder\\\/hl-logo-trd-trondheim-neg.svg\",\"contentUrl\":\"https:\\\/\\\/hoytlavt.no\\\/trondheim\\\/wp-content\\\/uploads\\\/sites\\\/12\\\/sites\\\/12\\\/Trondheim - Bilder\\\/hl-logo-trd-trondheim-neg.svg\",\"width\":286,\"height\":96,\"caption\":\"H\u00f8yt &amp; Lavt Trondheim\"},\"image\":{\"@id\":\"https:\\\/\\\/hoytlavt.no\\\/trondheim\\\/#\\\/schema\\\/logo\\\/image\\\/\"}}]}<\/script>\n<!-- \/ Yoast SEO Premium plugin. -->","yoast_head_json":{"title":"Om h\u00f8yt & Lavt Trondheim - H\u00f8yt & Lavt Trondheim","description":"Klatreparken best\u00e5r i hovedsak av ulike typer l\u00f8yper i tr\u00e6rne, med varierende lengde og vanskelighetsgrad. L\u00f8ypene best\u00e5r bl.a. av vaiere og tauverk som er bygget inn i det naturlige terrenget, og lar deg oppleve en spennende verden fra tretoppene","robots":{"index":"index","follow":"follow","max-snippet":"max-snippet:-1","max-image-preview":"max-image-preview:large","max-video-preview":"max-video-preview:-1"},"canonical":"https:\/\/hoytlavt.no\/trondheim\/om-hoyt-lavt-trondheim\/","og_locale":"nb_NO","og_type":"article","og_title":"Kontaktinformasjon","og_description":"Klatreparken best\u00e5r i hovedsak av ulike typer l\u00f8yper i tr\u00e6rne, med varierende lengde og vanskelighetsgrad. L\u00f8ypene best\u00e5r bl.a. av vaiere og tauverk som er bygget inn i det naturlige terrenget, og lar deg oppleve en spennende verden fra tretoppene.","og_url":"https:\/\/hoytlavt.no\/trondheim\/om-hoyt-lavt-trondheim\/","og_site_name":"H\u00f8yt &amp; Lavt Trondheim","article_modified_time":"2024-06-04T20:38:03+00:00","og_image":[{"width":1200,"height":900,"url":"https:\/\/hoytlavt.no\/trondheim\/wp-content\/uploads\/sites\/12\/sites\/12\/IMG7238.jpg","type":"image\/jpeg"}],"twitter_card":"summary_large_image","twitter_misc":{"Ansl. lesetid":"3 minutter"},"schema":{"@context":"https:\/\/schema.org","@graph":[{"@type":"WebPage","@id":"https:\/\/hoytlavt.no\/trondheim\/om-hoyt-lavt-trondheim\/","url":"https:\/\/hoytlavt.no\/trondheim\/om-hoyt-lavt-trondheim\/","name":"Om h\u00f8yt & Lavt Trondheim - H\u00f8yt & Lavt Trondheim","isPartOf":{"@id":"https:\/\/hoytlavt.no\/trondheim\/#website"},"primaryImageOfPage":{"@id":"https:\/\/hoytlavt.no\/trondheim\/om-hoyt-lavt-trondheim\/#primaryimage"},"image":{"@id":"https:\/\/hoytlavt.no\/trondheim\/om-hoyt-lavt-trondheim\/#primaryimage"},"thumbnailUrl":"https:\/\/hoytlavt.no\/trondheim\/wp-content\/uploads\/sites\/12\/sites\/12\/IMG7238.jpg","datePublished":"2020-05-15T13:41:41+00:00","dateModified":"2024-06-04T20:38:03+00:00","description":"Klatreparken best\u00e5r i hovedsak av ulike typer l\u00f8yper i tr\u00e6rne, med varierende lengde og vanskelighetsgrad. L\u00f8ypene best\u00e5r bl.a. av vaiere og tauverk som er bygget inn i det naturlige terrenget, og lar deg oppleve en spennende verden fra tretoppene","breadcrumb":{"@id":"https:\/\/hoytlavt.no\/trondheim\/om-hoyt-lavt-trondheim\/#breadcrumb"},"inLanguage":"nb-NO","potentialAction":[{"@type":"ReadAction","target":["https:\/\/hoytlavt.no\/trondheim\/om-hoyt-lavt-trondheim\/"]}]},{"@type":"ImageObject","inLanguage":"nb-NO","@id":"https:\/\/hoytlavt.no\/trondheim\/om-hoyt-lavt-trondheim\/#primaryimage","url":"https:\/\/hoytlavt.no\/trondheim\/wp-content\/uploads\/sites\/12\/sites\/12\/IMG7238.jpg","contentUrl":"https:\/\/hoytlavt.no\/trondheim\/wp-content\/uploads\/sites\/12\/sites\/12\/IMG7238.jpg","width":1200,"height":900},{"@type":"BreadcrumbList","@id":"https:\/\/hoytlavt.no\/trondheim\/om-hoyt-lavt-trondheim\/#breadcrumb","itemListElement":[{"@type":"ListItem","position":1,"name":"Hjem","item":"https:\/\/hoytlavt.no\/trondheim\/en\/"},{"@type":"ListItem","position":2,"name":"Kontaktinformasjon"}]},{"@type":"WebSite","@id":"https:\/\/hoytlavt.no\/trondheim\/#website","url":"https:\/\/hoytlavt.no\/trondheim\/","name":"H\u00f8yt &amp; Lavt Trondheim","description":"Norges nest st\u00f8rste klatrepark med hele 41 zipliner","publisher":{"@id":"https:\/\/hoytlavt.no\/trondheim\/#organization"},"potentialAction":[{"@type":"SearchAction","target":{"@type":"EntryPoint","urlTemplate":"https:\/\/hoytlavt.no\/trondheim\/?s={search_term_string}"},"query-input":{"@type":"PropertyValueSpecification","valueRequired":true,"valueName":"search_term_string"}}],"inLanguage":"nb-NO"},{"@type":"Organization","@id":"https:\/\/hoytlavt.no\/trondheim\/#organization","name":"H\u00f8yt &amp; Lavt Trondheim","url":"https:\/\/hoytlavt.no\/trondheim\/","logo":{"@type":"ImageObject","inLanguage":"nb-NO","@id":"https:\/\/hoytlavt.no\/trondheim\/#\/schema\/logo\/image\/","url":"https:\/\/hoytlavt.no\/trondheim\/wp-content\/uploads\/sites\/12\/sites\/12\/Trondheim - Bilder\/hl-logo-trd-trondheim-neg.svg","contentUrl":"https:\/\/hoytlavt.no\/trondheim\/wp-content\/uploads\/sites\/12\/sites\/12\/Trondheim - Bilder\/hl-logo-trd-trondheim-neg.svg","width":286,"height":96,"caption":"H\u00f8yt &amp; Lavt Trondheim"},"image":{"@id":"https:\/\/hoytlavt.no\/trondheim\/#\/schema\/logo\/image\/"}}]}},"_links":{"self":[{"href":"https:\/\/hoytlavt.no\/trondheim\/wp-json\/wp\/v2\/pages\/15","targetHints":{"allow":["GET"]}}],"collection":[{"href":"https:\/\/hoytlavt.no\/trondheim\/wp-json\/wp\/v2\/pages"}],"about":[{"href":"https:\/\/hoytlavt.no\/trondheim\/wp-json\/wp\/v2\/types\/page"}],"author":[{"embeddable":true,"href":"https:\/\/hoytlavt.no\/trondheim\/wp-json\/wp\/v2\/users\/1"}],"replies":[{"embeddable":true,"href":"https:\/\/hoytlavt.no\/trondheim\/wp-json\/wp\/v2\/comments?post=15"}],"version-history":[{"count":10,"href":"https:\/\/hoytlavt.no\/trondheim\/wp-json\/wp\/v2\/pages\/15\/revisions"}],"predecessor-version":[{"id":2705,"href":"https:\/\/hoytlavt.no\/trondheim\/wp-json\/wp\/v2\/pages\/15\/revisions\/2705"}],"wp:featuredmedia":[{"embeddable":true,"href":"https:\/\/hoytlavt.no\/trondheim\/wp-json\/wp\/v2\/media\/16"}],"wp:attachment":[{"href":"https:\/\/hoytlavt.no\/trondheim\/wp-json\/wp\/v2\/media?parent=15"}],"curies":[{"name":"wp","href":"https:\/\/api.w.org\/{rel}","templated":true}]}}