{"id":11,"date":"2021-04-22T10:53:50","date_gmt":"2021-04-22T08:53:50","guid":{"rendered":"https:\/\/hoytlavt.no\/krokstrand\/krokstrand-kommer-sommer-2021-norsk-bokmal\/"},"modified":"2025-06-29T19:35:09","modified_gmt":"2025-06-29T17:35:09","slug":"forside","status":"publish","type":"page","link":"https:\/\/hoytlavt.no\/krokstrand\/","title":{"rendered":"Nord Norges eneste H\u00f8yt &amp; Lavt Klatrepark &#8211; Klatring for alle!"},"content":{"rendered":"","protected":false},"excerpt":{"rendered":"","protected":false},"author":1,"featured_media":0,"parent":0,"menu_order":0,"comment_status":"closed","ping_status":"closed","template":"page-home.php","meta":{"_acf_changed":false,"inline_featured_image":false,"footnotes":""},"class_list":["post-11","page","type-page","status-publish","hentry"],"acf":[],"yoast_head":"<!-- This site is optimized with the Yoast SEO Premium plugin v26.8 (Yoast SEO v26.9) - https:\/\/yoast.com\/product\/yoast-seo-premium-wordpress\/ -->\n<title>Nord-Norges f\u00f8rste H\u00f8yt &amp; Lavt klatrepark - H\u00f8yt &amp; Lavt Krokstrand<\/title>\n<meta name=\"description\" content=\"Nord-Norges f\u00f8rste H\u00f8yt &amp; Lavt klatrepark med 6 l\u00f8yper, 62 elementer og 13 Ziplines. Her kan hele familien nyte en aktiv og spennende dag i furuskogen.\" \/>\n<meta name=\"robots\" content=\"index, follow, max-snippet:-1, max-image-preview:large, max-video-preview:-1\" \/>\n<link rel=\"canonical\" href=\"https:\/\/hoytlavt.no\/krokstrand\/\" \/>\n<meta property=\"og:locale\" content=\"nb_NO\" \/>\n<meta property=\"og:type\" content=\"article\" \/>\n<meta property=\"og:title\" content=\"Nord-Norges f\u00f8rste H\u00f8yt &amp; Lavt klatrepark \u2013 H\u00f8yt &amp; Lavt Krokstrand\" \/>\n<meta property=\"og:description\" content=\"Nord-Norges f\u00f8rste H\u00f8yt &amp; Lavt klatrepark med 4 l\u00f8yper, 43 elementer og 7 Zip-liner. Her kan hele familien nyte en aktiv og spennende dag i furuskogen. Bli med til topps!\" \/>\n<meta property=\"og:url\" content=\"https:\/\/hoytlavt.no\/krokstrand\/\" \/>\n<meta property=\"og:site_name\" content=\"H\u00f8yt &amp; Lavt Krokstrand\" \/>\n<meta property=\"article:modified_time\" content=\"2025-06-29T17:35:09+00:00\" \/>\n<meta property=\"og:image\" content=\"https:\/\/hoytlavt.no\/krokstrand\/wp-content\/uploads\/sites\/21\/Terje_Aamodt\/20200608_terjeaamodt_hoytoglavt_laagen_1543-1024x683-1.jpg\" \/>\n\t<meta property=\"og:image:width\" content=\"1024\" \/>\n\t<meta property=\"og:image:height\" content=\"683\" \/>\n\t<meta property=\"og:image:type\" content=\"image\/jpeg\" \/>\n<meta name=\"twitter:card\" content=\"summary_large_image\" \/>\n<meta name=\"twitter:title\" content=\"Nord Norges eneste H\u00f8yt &amp; Lavt Klatrepark - Klatring for alle!\" \/>\n<meta name=\"twitter:label1\" content=\"Ansl. lesetid\" \/>\n\t<meta name=\"twitter:data1\" content=\"6 minutter\" \/>\n<script type=\"application\/ld+json\" class=\"yoast-schema-graph\">{\"@context\":\"https:\/\/schema.org\",\"@graph\":[{\"@type\":\"WebPage\",\"@id\":\"https:\/\/hoytlavt.no\/krokstrand\/\",\"url\":\"https:\/\/hoytlavt.no\/krokstrand\/\",\"name\":\"Nord-Norges f\u00f8rste H\u00f8yt & Lavt klatrepark - H\u00f8yt & Lavt Krokstrand\",\"isPartOf\":{\"@id\":\"https:\/\/hoytlavt.no\/krokstrand\/#website\"},\"datePublished\":\"2021-04-22T08:53:50+00:00\",\"dateModified\":\"2025-06-29T17:35:09+00:00\",\"description\":\"Nord-Norges f\u00f8rste H\u00f8yt & Lavt klatrepark med 6 l\u00f8yper, 62 elementer og 13 Ziplines. Her kan hele familien nyte en aktiv og spennende dag i furuskogen.\",\"breadcrumb\":{\"@id\":\"https:\/\/hoytlavt.no\/krokstrand\/#breadcrumb\"},\"inLanguage\":\"nb-NO\",\"potentialAction\":[{\"@type\":\"ReadAction\",\"target\":[\"https:\/\/hoytlavt.no\/krokstrand\/\"]}]},{\"@type\":\"BreadcrumbList\",\"@id\":\"https:\/\/hoytlavt.no\/krokstrand\/#breadcrumb\",\"itemListElement\":[{\"@type\":\"ListItem\",\"position\":1,\"name\":\"Hjem\",\"item\":\"https:\/\/hoytlavt.no\/krokstrand\/en\/\"},{\"@type\":\"ListItem\",\"position\":2,\"name\":\"Nord Norges eneste H\u00f8yt &amp; Lavt Klatrepark &#8211; Klatring for alle!\"}]},{\"@type\":\"WebSite\",\"@id\":\"https:\/\/hoytlavt.no\/krokstrand\/#website\",\"url\":\"https:\/\/hoytlavt.no\/krokstrand\/\",\"name\":\"H\u00f8yt & Lavt Krokstrand\",\"description\":\"Klatring for alle\",\"publisher\":{\"@id\":\"https:\/\/hoytlavt.no\/krokstrand\/#organization\"},\"potentialAction\":[{\"@type\":\"SearchAction\",\"target\":{\"@type\":\"EntryPoint\",\"urlTemplate\":\"https:\/\/hoytlavt.no\/krokstrand\/?s={search_term_string}\"},\"query-input\":{\"@type\":\"PropertyValueSpecification\",\"valueRequired\":true,\"valueName\":\"search_term_string\"}}],\"inLanguage\":\"nb-NO\"},{\"@type\":\"Organization\",\"@id\":\"https:\/\/hoytlavt.no\/krokstrand\/#organization\",\"name\":\"H\u00f8yt & Lavt Krokstrand\",\"url\":\"https:\/\/hoytlavt.no\/krokstrand\/\",\"logo\":{\"@type\":\"ImageObject\",\"inLanguage\":\"nb-NO\",\"@id\":\"https:\/\/hoytlavt.no\/krokstrand\/#\/schema\/logo\/image\/\",\"url\":\"https:\/\/hoytlavt.no\/krokstrand\/wp-content\/uploads\/sites\/21\/HL-Logo-Krokstrand-RGB-NEG.png\",\"contentUrl\":\"https:\/\/hoytlavt.no\/krokstrand\/wp-content\/uploads\/sites\/21\/HL-Logo-Krokstrand-RGB-NEG.png\",\"width\":1440,\"height\":480,\"caption\":\"H\u00f8yt & Lavt Krokstrand\"},\"image\":{\"@id\":\"https:\/\/hoytlavt.no\/krokstrand\/#\/schema\/logo\/image\/\"}}]}<\/script>\n<!-- \/ Yoast SEO Premium plugin. -->","yoast_head_json":{"title":"Nord-Norges f\u00f8rste H\u00f8yt & Lavt klatrepark - H\u00f8yt & Lavt Krokstrand","description":"Nord-Norges f\u00f8rste H\u00f8yt & Lavt klatrepark med 6 l\u00f8yper, 62 elementer og 13 Ziplines. Her kan hele familien nyte en aktiv og spennende dag i furuskogen.","robots":{"index":"index","follow":"follow","max-snippet":"max-snippet:-1","max-image-preview":"max-image-preview:large","max-video-preview":"max-video-preview:-1"},"canonical":"https:\/\/hoytlavt.no\/krokstrand\/","og_locale":"nb_NO","og_type":"article","og_title":"Nord-Norges f\u00f8rste H\u00f8yt & Lavt klatrepark \u2013 H\u00f8yt & Lavt Krokstrand","og_description":"Nord-Norges f\u00f8rste H\u00f8yt & Lavt klatrepark med 4 l\u00f8yper, 43 elementer og 7 Zip-liner. Her kan hele familien nyte en aktiv og spennende dag i furuskogen. Bli med til topps!","og_url":"https:\/\/hoytlavt.no\/krokstrand\/","og_site_name":"H\u00f8yt & Lavt Krokstrand","article_modified_time":"2025-06-29T17:35:09+00:00","og_image":[{"width":1024,"height":683,"url":"https:\/\/hoytlavt.no\/krokstrand\/wp-content\/uploads\/sites\/21\/Terje_Aamodt\/20200608_terjeaamodt_hoytoglavt_laagen_1543-1024x683-1.jpg","type":"image\/jpeg"}],"twitter_card":"summary_large_image","twitter_title":"Nord Norges eneste H\u00f8yt &amp; Lavt Klatrepark - Klatring for alle!","twitter_misc":{"Ansl. lesetid":"6 minutter"},"schema":{"@context":"https:\/\/schema.org","@graph":[{"@type":"WebPage","@id":"https:\/\/hoytlavt.no\/krokstrand\/","url":"https:\/\/hoytlavt.no\/krokstrand\/","name":"Nord-Norges f\u00f8rste H\u00f8yt & Lavt klatrepark - H\u00f8yt & Lavt Krokstrand","isPartOf":{"@id":"https:\/\/hoytlavt.no\/krokstrand\/#website"},"datePublished":"2021-04-22T08:53:50+00:00","dateModified":"2025-06-29T17:35:09+00:00","description":"Nord-Norges f\u00f8rste H\u00f8yt & Lavt klatrepark med 6 l\u00f8yper, 62 elementer og 13 Ziplines. Her kan hele familien nyte en aktiv og spennende dag i furuskogen.","breadcrumb":{"@id":"https:\/\/hoytlavt.no\/krokstrand\/#breadcrumb"},"inLanguage":"nb-NO","potentialAction":[{"@type":"ReadAction","target":["https:\/\/hoytlavt.no\/krokstrand\/"]}]},{"@type":"BreadcrumbList","@id":"https:\/\/hoytlavt.no\/krokstrand\/#breadcrumb","itemListElement":[{"@type":"ListItem","position":1,"name":"Hjem","item":"https:\/\/hoytlavt.no\/krokstrand\/en\/"},{"@type":"ListItem","position":2,"name":"Nord Norges eneste H\u00f8yt &amp; Lavt Klatrepark &#8211; Klatring for alle!"}]},{"@type":"WebSite","@id":"https:\/\/hoytlavt.no\/krokstrand\/#website","url":"https:\/\/hoytlavt.no\/krokstrand\/","name":"H\u00f8yt & Lavt Krokstrand","description":"Klatring for alle","publisher":{"@id":"https:\/\/hoytlavt.no\/krokstrand\/#organization"},"potentialAction":[{"@type":"SearchAction","target":{"@type":"EntryPoint","urlTemplate":"https:\/\/hoytlavt.no\/krokstrand\/?s={search_term_string}"},"query-input":{"@type":"PropertyValueSpecification","valueRequired":true,"valueName":"search_term_string"}}],"inLanguage":"nb-NO"},{"@type":"Organization","@id":"https:\/\/hoytlavt.no\/krokstrand\/#organization","name":"H\u00f8yt & Lavt Krokstrand","url":"https:\/\/hoytlavt.no\/krokstrand\/","logo":{"@type":"ImageObject","inLanguage":"nb-NO","@id":"https:\/\/hoytlavt.no\/krokstrand\/#\/schema\/logo\/image\/","url":"https:\/\/hoytlavt.no\/krokstrand\/wp-content\/uploads\/sites\/21\/HL-Logo-Krokstrand-RGB-NEG.png","contentUrl":"https:\/\/hoytlavt.no\/krokstrand\/wp-content\/uploads\/sites\/21\/HL-Logo-Krokstrand-RGB-NEG.png","width":1440,"height":480,"caption":"H\u00f8yt & Lavt Krokstrand"},"image":{"@id":"https:\/\/hoytlavt.no\/krokstrand\/#\/schema\/logo\/image\/"}}]}},"_links":{"self":[{"href":"https:\/\/hoytlavt.no\/krokstrand\/wp-json\/wp\/v2\/pages\/11","targetHints":{"allow":["GET"]}}],"collection":[{"href":"https:\/\/hoytlavt.no\/krokstrand\/wp-json\/wp\/v2\/pages"}],"about":[{"href":"https:\/\/hoytlavt.no\/krokstrand\/wp-json\/wp\/v2\/types\/page"}],"author":[{"embeddable":true,"href":"https:\/\/hoytlavt.no\/krokstrand\/wp-json\/wp\/v2\/users\/1"}],"replies":[{"embeddable":true,"href":"https:\/\/hoytlavt.no\/krokstrand\/wp-json\/wp\/v2\/comments?post=11"}],"version-history":[{"count":106,"href":"https:\/\/hoytlavt.no\/krokstrand\/wp-json\/wp\/v2\/pages\/11\/revisions"}],"predecessor-version":[{"id":1146,"href":"https:\/\/hoytlavt.no\/krokstrand\/wp-json\/wp\/v2\/pages\/11\/revisions\/1146"}],"wp:attachment":[{"href":"https:\/\/hoytlavt.no\/krokstrand\/wp-json\/wp\/v2\/media?parent=11"}],"curies":[{"name":"wp","href":"https:\/\/api.w.org\/{rel}","templated":true}]}}