{"id":483,"date":"2022-05-13T12:26:07","date_gmt":"2022-05-13T10:26:07","guid":{"rendered":"https:\/\/hoytlavt.no\/geilo\/?page_id=483"},"modified":"2024-07-04T09:21:37","modified_gmt":"2024-07-04T07:21:37","slug":"andre-aktiviteter","status":"publish","type":"page","link":"https:\/\/hoytlavt.no\/geilo\/opplevelser\/andre-aktiviteter\/","title":{"rendered":"Andre aktiviteter"},"content":{"rendered":"","protected":false},"excerpt":{"rendered":"","protected":false},"author":1,"featured_media":417,"parent":447,"menu_order":0,"comment_status":"closed","ping_status":"closed","template":"page-climb.php","meta":{"_acf_changed":false,"inline_featured_image":false,"footnotes":""},"class_list":["post-483","page","type-page","status-publish","has-post-thumbnail","hentry"],"acf":[],"yoast_head":"<!-- This site is optimized with the Yoast SEO Premium plugin v26.8 (Yoast SEO v27.4) - https:\/\/yoast.com\/product\/yoast-seo-premium-wordpress\/ -->\n<title>Andre aktiviteter - H\u00f8yt &amp; Lavt Geilo<\/title>\n<meta name=\"description\" content=\"I Geilo Sommerpark kan du ogs\u00e5 pr\u00f8ve andre aktiviteter som, sykkelutleie, heisbasert sykling, zipline, pumptracks, frisbee og fotball-golf!\" \/>\n<meta name=\"robots\" content=\"index, follow, max-snippet:-1, max-image-preview:large, max-video-preview:-1\" \/>\n<link rel=\"canonical\" href=\"https:\/\/hoytlavt.no\/geilo\/opplevelser\/andre-aktiviteter\/\" \/>\n<meta property=\"og:locale\" content=\"nb_NO\" \/>\n<meta property=\"og:type\" content=\"article\" \/>\n<meta property=\"og:title\" content=\"Andre aktiviteter\" \/>\n<meta property=\"og:description\" content=\"I Geilo Sommerpark kan du ogs\u00e5 pr\u00f8ve andre aktiviteter som, sykkelutleie, heisbasert sykling, zipline, pumptracks, frisbee og fotball-golf!\" \/>\n<meta property=\"og:url\" content=\"https:\/\/hoytlavt.no\/geilo\/opplevelser\/andre-aktiviteter\/\" \/>\n<meta property=\"og:site_name\" content=\"H\u00f8yt &amp; Lavt Geilo\" \/>\n<meta property=\"article:modified_time\" content=\"2024-07-04T07:21:37+00:00\" \/>\n<meta property=\"og:image\" content=\"http:\/\/hoytlavt.no\/geilo\/wp-content\/uploads\/sites\/24\/2022\/05\/20200608_terjeaamodt_hoytoglavt_laagen_5589.jpg\" \/>\n\t<meta property=\"og:image:width\" content=\"2048\" \/>\n\t<meta property=\"og:image:height\" content=\"1365\" \/>\n\t<meta property=\"og:image:type\" content=\"image\/jpeg\" \/>\n<meta name=\"twitter:card\" content=\"summary_large_image\" \/>\n<meta name=\"twitter:label1\" content=\"Ansl. lesetid\" \/>\n\t<meta name=\"twitter:data1\" content=\"3 minutter\" \/>\n<script type=\"application\/ld+json\" class=\"yoast-schema-graph\">{\"@context\":\"https:\\\/\\\/schema.org\",\"@graph\":[{\"@type\":\"WebPage\",\"@id\":\"https:\\\/\\\/hoytlavt.no\\\/geilo\\\/opplevelser\\\/andre-aktiviteter\\\/\",\"url\":\"https:\\\/\\\/hoytlavt.no\\\/geilo\\\/opplevelser\\\/andre-aktiviteter\\\/\",\"name\":\"Andre aktiviteter - H\u00f8yt &amp; Lavt Geilo\",\"isPartOf\":{\"@id\":\"https:\\\/\\\/hoytlavt.no\\\/geilo\\\/#website\"},\"primaryImageOfPage\":{\"@id\":\"https:\\\/\\\/hoytlavt.no\\\/geilo\\\/opplevelser\\\/andre-aktiviteter\\\/#primaryimage\"},\"image\":{\"@id\":\"https:\\\/\\\/hoytlavt.no\\\/geilo\\\/opplevelser\\\/andre-aktiviteter\\\/#primaryimage\"},\"thumbnailUrl\":\"https:\\\/\\\/hoytlavt.no\\\/geilo\\\/wp-content\\\/uploads\\\/sites\\\/24\\\/2022\\\/05\\\/20200608_terjeaamodt_hoytoglavt_laagen_5589.jpg\",\"datePublished\":\"2022-05-13T10:26:07+00:00\",\"dateModified\":\"2024-07-04T07:21:37+00:00\",\"description\":\"I Geilo Sommerpark kan du ogs\u00e5 pr\u00f8ve andre aktiviteter som, sykkelutleie, heisbasert sykling, zipline, pumptracks, frisbee og fotball-golf!\",\"breadcrumb\":{\"@id\":\"https:\\\/\\\/hoytlavt.no\\\/geilo\\\/opplevelser\\\/andre-aktiviteter\\\/#breadcrumb\"},\"inLanguage\":\"nb-NO\",\"potentialAction\":[{\"@type\":\"ReadAction\",\"target\":[\"https:\\\/\\\/hoytlavt.no\\\/geilo\\\/opplevelser\\\/andre-aktiviteter\\\/\"]}]},{\"@type\":\"ImageObject\",\"inLanguage\":\"nb-NO\",\"@id\":\"https:\\\/\\\/hoytlavt.no\\\/geilo\\\/opplevelser\\\/andre-aktiviteter\\\/#primaryimage\",\"url\":\"https:\\\/\\\/hoytlavt.no\\\/geilo\\\/wp-content\\\/uploads\\\/sites\\\/24\\\/2022\\\/05\\\/20200608_terjeaamodt_hoytoglavt_laagen_5589.jpg\",\"contentUrl\":\"https:\\\/\\\/hoytlavt.no\\\/geilo\\\/wp-content\\\/uploads\\\/sites\\\/24\\\/2022\\\/05\\\/20200608_terjeaamodt_hoytoglavt_laagen_5589.jpg\",\"width\":2048,\"height\":1365},{\"@type\":\"BreadcrumbList\",\"@id\":\"https:\\\/\\\/hoytlavt.no\\\/geilo\\\/opplevelser\\\/andre-aktiviteter\\\/#breadcrumb\",\"itemListElement\":[{\"@type\":\"ListItem\",\"position\":1,\"name\":\"Hjem\",\"item\":\"https:\\\/\\\/hoytlavt.no\\\/geilo\\\/\"},{\"@type\":\"ListItem\",\"position\":2,\"name\":\"Opplevelser\",\"item\":\"https:\\\/\\\/hoytlavt.no\\\/geilo\\\/opplevelser\\\/\"},{\"@type\":\"ListItem\",\"position\":3,\"name\":\"Andre aktiviteter\"}]},{\"@type\":\"WebSite\",\"@id\":\"https:\\\/\\\/hoytlavt.no\\\/geilo\\\/#website\",\"url\":\"https:\\\/\\\/hoytlavt.no\\\/geilo\\\/\",\"name\":\"H\u00f8yt &amp; Lavt Geilo\",\"description\":\"Klatring for alle\",\"publisher\":{\"@id\":\"https:\\\/\\\/hoytlavt.no\\\/geilo\\\/#organization\"},\"potentialAction\":[{\"@type\":\"SearchAction\",\"target\":{\"@type\":\"EntryPoint\",\"urlTemplate\":\"https:\\\/\\\/hoytlavt.no\\\/geilo\\\/?s={search_term_string}\"},\"query-input\":{\"@type\":\"PropertyValueSpecification\",\"valueRequired\":true,\"valueName\":\"search_term_string\"}}],\"inLanguage\":\"nb-NO\"},{\"@type\":\"Organization\",\"@id\":\"https:\\\/\\\/hoytlavt.no\\\/geilo\\\/#organization\",\"name\":\"H\u00f8yt &amp; Lavt Geilo\",\"url\":\"https:\\\/\\\/hoytlavt.no\\\/geilo\\\/\",\"logo\":{\"@type\":\"ImageObject\",\"inLanguage\":\"nb-NO\",\"@id\":\"https:\\\/\\\/hoytlavt.no\\\/geilo\\\/#\\\/schema\\\/logo\\\/image\\\/\",\"url\":\"https:\\\/\\\/hoytlavt.no\\\/geilo\\\/wp-content\\\/uploads\\\/sites\\\/24\\\/2022\\\/05\\\/HL-Logo-Geilo-RGB-NEG-1.svg\",\"contentUrl\":\"https:\\\/\\\/hoytlavt.no\\\/geilo\\\/wp-content\\\/uploads\\\/sites\\\/24\\\/2022\\\/05\\\/HL-Logo-Geilo-RGB-NEG-1.svg\",\"caption\":\"H\u00f8yt &amp; Lavt Geilo\"},\"image\":{\"@id\":\"https:\\\/\\\/hoytlavt.no\\\/geilo\\\/#\\\/schema\\\/logo\\\/image\\\/\"}}]}<\/script>\n<!-- \/ Yoast SEO Premium plugin. -->","yoast_head_json":{"title":"Andre aktiviteter - H\u00f8yt &amp; Lavt Geilo","description":"I Geilo Sommerpark kan du ogs\u00e5 pr\u00f8ve andre aktiviteter som, sykkelutleie, heisbasert sykling, zipline, pumptracks, frisbee og fotball-golf!","robots":{"index":"index","follow":"follow","max-snippet":"max-snippet:-1","max-image-preview":"max-image-preview:large","max-video-preview":"max-video-preview:-1"},"canonical":"https:\/\/hoytlavt.no\/geilo\/opplevelser\/andre-aktiviteter\/","og_locale":"nb_NO","og_type":"article","og_title":"Andre aktiviteter","og_description":"I Geilo Sommerpark kan du ogs\u00e5 pr\u00f8ve andre aktiviteter som, sykkelutleie, heisbasert sykling, zipline, pumptracks, frisbee og fotball-golf!","og_url":"https:\/\/hoytlavt.no\/geilo\/opplevelser\/andre-aktiviteter\/","og_site_name":"H\u00f8yt &amp; Lavt Geilo","article_modified_time":"2024-07-04T07:21:37+00:00","og_image":[{"width":2048,"height":1365,"url":"http:\/\/hoytlavt.no\/geilo\/wp-content\/uploads\/sites\/24\/2022\/05\/20200608_terjeaamodt_hoytoglavt_laagen_5589.jpg","type":"image\/jpeg"}],"twitter_card":"summary_large_image","twitter_misc":{"Ansl. lesetid":"3 minutter"},"schema":{"@context":"https:\/\/schema.org","@graph":[{"@type":"WebPage","@id":"https:\/\/hoytlavt.no\/geilo\/opplevelser\/andre-aktiviteter\/","url":"https:\/\/hoytlavt.no\/geilo\/opplevelser\/andre-aktiviteter\/","name":"Andre aktiviteter - H\u00f8yt &amp; Lavt Geilo","isPartOf":{"@id":"https:\/\/hoytlavt.no\/geilo\/#website"},"primaryImageOfPage":{"@id":"https:\/\/hoytlavt.no\/geilo\/opplevelser\/andre-aktiviteter\/#primaryimage"},"image":{"@id":"https:\/\/hoytlavt.no\/geilo\/opplevelser\/andre-aktiviteter\/#primaryimage"},"thumbnailUrl":"https:\/\/hoytlavt.no\/geilo\/wp-content\/uploads\/sites\/24\/2022\/05\/20200608_terjeaamodt_hoytoglavt_laagen_5589.jpg","datePublished":"2022-05-13T10:26:07+00:00","dateModified":"2024-07-04T07:21:37+00:00","description":"I Geilo Sommerpark kan du ogs\u00e5 pr\u00f8ve andre aktiviteter som, sykkelutleie, heisbasert sykling, zipline, pumptracks, frisbee og fotball-golf!","breadcrumb":{"@id":"https:\/\/hoytlavt.no\/geilo\/opplevelser\/andre-aktiviteter\/#breadcrumb"},"inLanguage":"nb-NO","potentialAction":[{"@type":"ReadAction","target":["https:\/\/hoytlavt.no\/geilo\/opplevelser\/andre-aktiviteter\/"]}]},{"@type":"ImageObject","inLanguage":"nb-NO","@id":"https:\/\/hoytlavt.no\/geilo\/opplevelser\/andre-aktiviteter\/#primaryimage","url":"https:\/\/hoytlavt.no\/geilo\/wp-content\/uploads\/sites\/24\/2022\/05\/20200608_terjeaamodt_hoytoglavt_laagen_5589.jpg","contentUrl":"https:\/\/hoytlavt.no\/geilo\/wp-content\/uploads\/sites\/24\/2022\/05\/20200608_terjeaamodt_hoytoglavt_laagen_5589.jpg","width":2048,"height":1365},{"@type":"BreadcrumbList","@id":"https:\/\/hoytlavt.no\/geilo\/opplevelser\/andre-aktiviteter\/#breadcrumb","itemListElement":[{"@type":"ListItem","position":1,"name":"Hjem","item":"https:\/\/hoytlavt.no\/geilo\/"},{"@type":"ListItem","position":2,"name":"Opplevelser","item":"https:\/\/hoytlavt.no\/geilo\/opplevelser\/"},{"@type":"ListItem","position":3,"name":"Andre aktiviteter"}]},{"@type":"WebSite","@id":"https:\/\/hoytlavt.no\/geilo\/#website","url":"https:\/\/hoytlavt.no\/geilo\/","name":"H\u00f8yt &amp; Lavt Geilo","description":"Klatring for alle","publisher":{"@id":"https:\/\/hoytlavt.no\/geilo\/#organization"},"potentialAction":[{"@type":"SearchAction","target":{"@type":"EntryPoint","urlTemplate":"https:\/\/hoytlavt.no\/geilo\/?s={search_term_string}"},"query-input":{"@type":"PropertyValueSpecification","valueRequired":true,"valueName":"search_term_string"}}],"inLanguage":"nb-NO"},{"@type":"Organization","@id":"https:\/\/hoytlavt.no\/geilo\/#organization","name":"H\u00f8yt &amp; Lavt Geilo","url":"https:\/\/hoytlavt.no\/geilo\/","logo":{"@type":"ImageObject","inLanguage":"nb-NO","@id":"https:\/\/hoytlavt.no\/geilo\/#\/schema\/logo\/image\/","url":"https:\/\/hoytlavt.no\/geilo\/wp-content\/uploads\/sites\/24\/2022\/05\/HL-Logo-Geilo-RGB-NEG-1.svg","contentUrl":"https:\/\/hoytlavt.no\/geilo\/wp-content\/uploads\/sites\/24\/2022\/05\/HL-Logo-Geilo-RGB-NEG-1.svg","caption":"H\u00f8yt &amp; Lavt Geilo"},"image":{"@id":"https:\/\/hoytlavt.no\/geilo\/#\/schema\/logo\/image\/"}}]}},"_links":{"self":[{"href":"https:\/\/hoytlavt.no\/geilo\/wp-json\/wp\/v2\/pages\/483","targetHints":{"allow":["GET"]}}],"collection":[{"href":"https:\/\/hoytlavt.no\/geilo\/wp-json\/wp\/v2\/pages"}],"about":[{"href":"https:\/\/hoytlavt.no\/geilo\/wp-json\/wp\/v2\/types\/page"}],"author":[{"embeddable":true,"href":"https:\/\/hoytlavt.no\/geilo\/wp-json\/wp\/v2\/users\/1"}],"replies":[{"embeddable":true,"href":"https:\/\/hoytlavt.no\/geilo\/wp-json\/wp\/v2\/comments?post=483"}],"version-history":[{"count":8,"href":"https:\/\/hoytlavt.no\/geilo\/wp-json\/wp\/v2\/pages\/483\/revisions"}],"predecessor-version":[{"id":788,"href":"https:\/\/hoytlavt.no\/geilo\/wp-json\/wp\/v2\/pages\/483\/revisions\/788"}],"up":[{"embeddable":true,"href":"https:\/\/hoytlavt.no\/geilo\/wp-json\/wp\/v2\/pages\/447"}],"wp:featuredmedia":[{"embeddable":true,"href":"https:\/\/hoytlavt.no\/geilo\/wp-json\/wp\/v2\/media\/417"}],"wp:attachment":[{"href":"https:\/\/hoytlavt.no\/geilo\/wp-json\/wp\/v2\/media?parent=483"}],"curies":[{"name":"wp","href":"https:\/\/api.w.org\/{rel}","templated":true}]}}