{"id":424,"date":"2022-05-13T11:19:31","date_gmt":"2022-05-13T09:19:31","guid":{"rendered":"https:\/\/hoytlavt.no\/geilo\/?page_id=424"},"modified":"2026-03-10T10:22:26","modified_gmt":"2026-03-10T09:22:26","slug":"priser","status":"publish","type":"page","link":"https:\/\/hoytlavt.no\/geilo\/en\/info-2\/priser\/","title":{"rendered":"Priser"},"content":{"rendered":"\n<p class=\"has-text-align-center\"><strong>I juni er det KUN \u00e5pent for st\u00f8rre grupper<\/strong> <strong>p\u00e5 foresp\u00f8rsel. <\/strong><br><strong>Forh\u00e5ndsbestilling gj\u00f8res til booking@skigeilo.com<\/strong><\/p>\n\n\n\n<p class=\"has-text-align-center\">Klatreparken&nbsp;f\u00f8lger EU-krav til sikkerhet og er godkjent av Norsk Jernbanetilsyn.<\/p>\n","protected":false},"excerpt":{"rendered":"<p>I juni er det KUN \u00e5pent for st\u00f8rre grupper p\u00e5 foresp\u00f8rsel. Forh\u00e5ndsbestilling gj\u00f8res til booking@skigeilo.com [&hellip;]<\/p>\n","protected":false},"author":1,"featured_media":583,"parent":760,"menu_order":0,"comment_status":"closed","ping_status":"closed","template":"page-price.php","meta":{"_acf_changed":false,"inline_featured_image":false,"footnotes":""},"class_list":["post-424","page","type-page","status-publish","has-post-thumbnail","hentry"],"acf":[],"yoast_head":"<!-- This site is optimized with the Yoast SEO Premium plugin v26.8 (Yoast SEO v27.4) - https:\/\/yoast.com\/product\/yoast-seo-premium-wordpress\/ -->\n<title>Priser - H\u00f8yt &amp; Lavt Geilo<\/title>\n<meta name=\"description\" content=\"Se oppdaterte priser for sesongen. \u00d8nsker du \u00e5 sikre deg plass, anbefaler vi \u00e5 kj\u00f8pe billett f\u00f8r du kommer\" \/>\n<meta name=\"robots\" content=\"index, follow, max-snippet:-1, max-image-preview:large, max-video-preview:-1\" \/>\n<link rel=\"canonical\" href=\"https:\/\/hoytlavt.no\/geilo\/en\/info-2\/priser\/\" \/>\n<meta property=\"og:locale\" content=\"nb_NO\" \/>\n<meta property=\"og:type\" content=\"article\" \/>\n<meta property=\"og:title\" content=\"Priser\" \/>\n<meta property=\"og:description\" content=\"Se oppdaterte priser for sesongen. \u00d8nsker du \u00e5 sikre deg plass, anbefaler vi \u00e5 kj\u00f8pe billett f\u00f8r du kommer\" \/>\n<meta property=\"og:url\" content=\"https:\/\/hoytlavt.no\/geilo\/en\/info-2\/priser\/\" \/>\n<meta property=\"og:site_name\" content=\"H\u00f8yt &amp; Lavt Geilo\" \/>\n<meta property=\"article:modified_time\" content=\"2026-03-10T09:22:26+00:00\" \/>\n<meta property=\"og:image\" content=\"http:\/\/hoytlavt.no\/geilo\/wp-content\/uploads\/sites\/24\/2023\/03\/Klatrepark_2022_GH_08852_Foto_Paul_Lockhart-1024x683.jpg\" \/>\n\t<meta property=\"og:image:width\" content=\"1024\" \/>\n\t<meta property=\"og:image:height\" content=\"683\" \/>\n\t<meta property=\"og:image:type\" content=\"image\/jpeg\" \/>\n<meta name=\"twitter:card\" content=\"summary_large_image\" \/>\n<meta name=\"twitter:label1\" content=\"Ansl. lesetid\" \/>\n\t<meta name=\"twitter:data1\" content=\"1 minutt\" \/>\n<script type=\"application\/ld+json\" class=\"yoast-schema-graph\">{\"@context\":\"https:\\\/\\\/schema.org\",\"@graph\":[{\"@type\":\"WebPage\",\"@id\":\"https:\\\/\\\/hoytlavt.no\\\/geilo\\\/en\\\/info-2\\\/priser\\\/\",\"url\":\"https:\\\/\\\/hoytlavt.no\\\/geilo\\\/en\\\/info-2\\\/priser\\\/\",\"name\":\"Priser - H\u00f8yt &amp; Lavt Geilo\",\"isPartOf\":{\"@id\":\"https:\\\/\\\/hoytlavt.no\\\/geilo\\\/#website\"},\"primaryImageOfPage\":{\"@id\":\"https:\\\/\\\/hoytlavt.no\\\/geilo\\\/en\\\/info-2\\\/priser\\\/#primaryimage\"},\"image\":{\"@id\":\"https:\\\/\\\/hoytlavt.no\\\/geilo\\\/en\\\/info-2\\\/priser\\\/#primaryimage\"},\"thumbnailUrl\":\"https:\\\/\\\/hoytlavt.no\\\/geilo\\\/wp-content\\\/uploads\\\/sites\\\/24\\\/2023\\\/03\\\/Klatrepark_2022_GH_08852_Foto_Paul_Lockhart.jpg\",\"datePublished\":\"2022-05-13T09:19:31+00:00\",\"dateModified\":\"2026-03-10T09:22:26+00:00\",\"description\":\"Se oppdaterte priser for sesongen. \u00d8nsker du \u00e5 sikre deg plass, anbefaler vi \u00e5 kj\u00f8pe billett f\u00f8r du kommer\",\"breadcrumb\":{\"@id\":\"https:\\\/\\\/hoytlavt.no\\\/geilo\\\/en\\\/info-2\\\/priser\\\/#breadcrumb\"},\"inLanguage\":\"nb-NO\",\"potentialAction\":[{\"@type\":\"ReadAction\",\"target\":[\"https:\\\/\\\/hoytlavt.no\\\/geilo\\\/en\\\/info-2\\\/priser\\\/\"]}]},{\"@type\":\"ImageObject\",\"inLanguage\":\"nb-NO\",\"@id\":\"https:\\\/\\\/hoytlavt.no\\\/geilo\\\/en\\\/info-2\\\/priser\\\/#primaryimage\",\"url\":\"https:\\\/\\\/hoytlavt.no\\\/geilo\\\/wp-content\\\/uploads\\\/sites\\\/24\\\/2023\\\/03\\\/Klatrepark_2022_GH_08852_Foto_Paul_Lockhart.jpg\",\"contentUrl\":\"https:\\\/\\\/hoytlavt.no\\\/geilo\\\/wp-content\\\/uploads\\\/sites\\\/24\\\/2023\\\/03\\\/Klatrepark_2022_GH_08852_Foto_Paul_Lockhart.jpg\",\"width\":1920,\"height\":1281},{\"@type\":\"BreadcrumbList\",\"@id\":\"https:\\\/\\\/hoytlavt.no\\\/geilo\\\/en\\\/info-2\\\/priser\\\/#breadcrumb\",\"itemListElement\":[{\"@type\":\"ListItem\",\"position\":1,\"name\":\"Hjem\",\"item\":\"https:\\\/\\\/hoytlavt.no\\\/geilo\\\/\"},{\"@type\":\"ListItem\",\"position\":2,\"name\":\"Practical info\",\"item\":\"https:\\\/\\\/hoytlavt.no\\\/geilo\\\/en-gb\\\/info-2\\\/\"},{\"@type\":\"ListItem\",\"position\":3,\"name\":\"Priser\"}]},{\"@type\":\"WebSite\",\"@id\":\"https:\\\/\\\/hoytlavt.no\\\/geilo\\\/#website\",\"url\":\"https:\\\/\\\/hoytlavt.no\\\/geilo\\\/\",\"name\":\"H\u00f8yt &amp; Lavt Geilo\",\"description\":\"Klatring for alle\",\"publisher\":{\"@id\":\"https:\\\/\\\/hoytlavt.no\\\/geilo\\\/#organization\"},\"potentialAction\":[{\"@type\":\"SearchAction\",\"target\":{\"@type\":\"EntryPoint\",\"urlTemplate\":\"https:\\\/\\\/hoytlavt.no\\\/geilo\\\/?s={search_term_string}\"},\"query-input\":{\"@type\":\"PropertyValueSpecification\",\"valueRequired\":true,\"valueName\":\"search_term_string\"}}],\"inLanguage\":\"nb-NO\"},{\"@type\":\"Organization\",\"@id\":\"https:\\\/\\\/hoytlavt.no\\\/geilo\\\/#organization\",\"name\":\"H\u00f8yt &amp; Lavt Geilo\",\"url\":\"https:\\\/\\\/hoytlavt.no\\\/geilo\\\/\",\"logo\":{\"@type\":\"ImageObject\",\"inLanguage\":\"nb-NO\",\"@id\":\"https:\\\/\\\/hoytlavt.no\\\/geilo\\\/#\\\/schema\\\/logo\\\/image\\\/\",\"url\":\"https:\\\/\\\/hoytlavt.no\\\/geilo\\\/wp-content\\\/uploads\\\/sites\\\/24\\\/2022\\\/05\\\/HL-Logo-Geilo-RGB-NEG-1.svg\",\"contentUrl\":\"https:\\\/\\\/hoytlavt.no\\\/geilo\\\/wp-content\\\/uploads\\\/sites\\\/24\\\/2022\\\/05\\\/HL-Logo-Geilo-RGB-NEG-1.svg\",\"caption\":\"H\u00f8yt &amp; Lavt Geilo\"},\"image\":{\"@id\":\"https:\\\/\\\/hoytlavt.no\\\/geilo\\\/#\\\/schema\\\/logo\\\/image\\\/\"}}]}<\/script>\n<!-- \/ Yoast SEO Premium plugin. -->","yoast_head_json":{"title":"Priser - H\u00f8yt &amp; Lavt Geilo","description":"Se oppdaterte priser for sesongen. \u00d8nsker du \u00e5 sikre deg plass, anbefaler vi \u00e5 kj\u00f8pe billett f\u00f8r du kommer","robots":{"index":"index","follow":"follow","max-snippet":"max-snippet:-1","max-image-preview":"max-image-preview:large","max-video-preview":"max-video-preview:-1"},"canonical":"https:\/\/hoytlavt.no\/geilo\/en\/info-2\/priser\/","og_locale":"nb_NO","og_type":"article","og_title":"Priser","og_description":"Se oppdaterte priser for sesongen. \u00d8nsker du \u00e5 sikre deg plass, anbefaler vi \u00e5 kj\u00f8pe billett f\u00f8r du kommer","og_url":"https:\/\/hoytlavt.no\/geilo\/en\/info-2\/priser\/","og_site_name":"H\u00f8yt &amp; Lavt Geilo","article_modified_time":"2026-03-10T09:22:26+00:00","og_image":[{"width":1024,"height":683,"url":"http:\/\/hoytlavt.no\/geilo\/wp-content\/uploads\/sites\/24\/2023\/03\/Klatrepark_2022_GH_08852_Foto_Paul_Lockhart-1024x683.jpg","type":"image\/jpeg"}],"twitter_card":"summary_large_image","twitter_misc":{"Ansl. lesetid":"1 minutt"},"schema":{"@context":"https:\/\/schema.org","@graph":[{"@type":"WebPage","@id":"https:\/\/hoytlavt.no\/geilo\/en\/info-2\/priser\/","url":"https:\/\/hoytlavt.no\/geilo\/en\/info-2\/priser\/","name":"Priser - H\u00f8yt &amp; Lavt Geilo","isPartOf":{"@id":"https:\/\/hoytlavt.no\/geilo\/#website"},"primaryImageOfPage":{"@id":"https:\/\/hoytlavt.no\/geilo\/en\/info-2\/priser\/#primaryimage"},"image":{"@id":"https:\/\/hoytlavt.no\/geilo\/en\/info-2\/priser\/#primaryimage"},"thumbnailUrl":"https:\/\/hoytlavt.no\/geilo\/wp-content\/uploads\/sites\/24\/2023\/03\/Klatrepark_2022_GH_08852_Foto_Paul_Lockhart.jpg","datePublished":"2022-05-13T09:19:31+00:00","dateModified":"2026-03-10T09:22:26+00:00","description":"Se oppdaterte priser for sesongen. \u00d8nsker du \u00e5 sikre deg plass, anbefaler vi \u00e5 kj\u00f8pe billett f\u00f8r du kommer","breadcrumb":{"@id":"https:\/\/hoytlavt.no\/geilo\/en\/info-2\/priser\/#breadcrumb"},"inLanguage":"nb-NO","potentialAction":[{"@type":"ReadAction","target":["https:\/\/hoytlavt.no\/geilo\/en\/info-2\/priser\/"]}]},{"@type":"ImageObject","inLanguage":"nb-NO","@id":"https:\/\/hoytlavt.no\/geilo\/en\/info-2\/priser\/#primaryimage","url":"https:\/\/hoytlavt.no\/geilo\/wp-content\/uploads\/sites\/24\/2023\/03\/Klatrepark_2022_GH_08852_Foto_Paul_Lockhart.jpg","contentUrl":"https:\/\/hoytlavt.no\/geilo\/wp-content\/uploads\/sites\/24\/2023\/03\/Klatrepark_2022_GH_08852_Foto_Paul_Lockhart.jpg","width":1920,"height":1281},{"@type":"BreadcrumbList","@id":"https:\/\/hoytlavt.no\/geilo\/en\/info-2\/priser\/#breadcrumb","itemListElement":[{"@type":"ListItem","position":1,"name":"Hjem","item":"https:\/\/hoytlavt.no\/geilo\/"},{"@type":"ListItem","position":2,"name":"Practical info","item":"https:\/\/hoytlavt.no\/geilo\/en-gb\/info-2\/"},{"@type":"ListItem","position":3,"name":"Priser"}]},{"@type":"WebSite","@id":"https:\/\/hoytlavt.no\/geilo\/#website","url":"https:\/\/hoytlavt.no\/geilo\/","name":"H\u00f8yt &amp; Lavt Geilo","description":"Klatring for alle","publisher":{"@id":"https:\/\/hoytlavt.no\/geilo\/#organization"},"potentialAction":[{"@type":"SearchAction","target":{"@type":"EntryPoint","urlTemplate":"https:\/\/hoytlavt.no\/geilo\/?s={search_term_string}"},"query-input":{"@type":"PropertyValueSpecification","valueRequired":true,"valueName":"search_term_string"}}],"inLanguage":"nb-NO"},{"@type":"Organization","@id":"https:\/\/hoytlavt.no\/geilo\/#organization","name":"H\u00f8yt &amp; Lavt Geilo","url":"https:\/\/hoytlavt.no\/geilo\/","logo":{"@type":"ImageObject","inLanguage":"nb-NO","@id":"https:\/\/hoytlavt.no\/geilo\/#\/schema\/logo\/image\/","url":"https:\/\/hoytlavt.no\/geilo\/wp-content\/uploads\/sites\/24\/2022\/05\/HL-Logo-Geilo-RGB-NEG-1.svg","contentUrl":"https:\/\/hoytlavt.no\/geilo\/wp-content\/uploads\/sites\/24\/2022\/05\/HL-Logo-Geilo-RGB-NEG-1.svg","caption":"H\u00f8yt &amp; Lavt Geilo"},"image":{"@id":"https:\/\/hoytlavt.no\/geilo\/#\/schema\/logo\/image\/"}}]}},"_links":{"self":[{"href":"https:\/\/hoytlavt.no\/geilo\/wp-json\/wp\/v2\/pages\/424","targetHints":{"allow":["GET"]}}],"collection":[{"href":"https:\/\/hoytlavt.no\/geilo\/wp-json\/wp\/v2\/pages"}],"about":[{"href":"https:\/\/hoytlavt.no\/geilo\/wp-json\/wp\/v2\/types\/page"}],"author":[{"embeddable":true,"href":"https:\/\/hoytlavt.no\/geilo\/wp-json\/wp\/v2\/users\/1"}],"replies":[{"embeddable":true,"href":"https:\/\/hoytlavt.no\/geilo\/wp-json\/wp\/v2\/comments?post=424"}],"version-history":[{"count":26,"href":"https:\/\/hoytlavt.no\/geilo\/wp-json\/wp\/v2\/pages\/424\/revisions"}],"predecessor-version":[{"id":875,"href":"https:\/\/hoytlavt.no\/geilo\/wp-json\/wp\/v2\/pages\/424\/revisions\/875"}],"up":[{"embeddable":true,"href":"https:\/\/hoytlavt.no\/geilo\/wp-json\/wp\/v2\/pages\/760"}],"wp:featuredmedia":[{"embeddable":true,"href":"https:\/\/hoytlavt.no\/geilo\/wp-json\/wp\/v2\/media\/583"}],"wp:attachment":[{"href":"https:\/\/hoytlavt.no\/geilo\/wp-json\/wp\/v2\/media?parent=424"}],"curies":[{"name":"wp","href":"https:\/\/api.w.org\/{rel}","templated":true}]}}