{"id":2,"date":"2022-05-13T10:28:30","date_gmt":"2022-05-13T08:28:30","guid":{"rendered":"https:\/\/hoytlavt.no\/geilo\/?page_id=2"},"modified":"2025-03-25T15:29:36","modified_gmt":"2025-03-25T14:29:36","slug":"forside","status":"publish","type":"page","link":"https:\/\/hoytlavt.no\/geilo\/","title":{"rendered":"Snart klatresesong!"},"content":{"rendered":"","protected":false},"excerpt":{"rendered":"","protected":false},"author":1,"featured_media":0,"parent":0,"menu_order":0,"comment_status":"closed","ping_status":"open","template":"page-home.php","meta":{"_acf_changed":false,"inline_featured_image":false,"footnotes":""},"class_list":["post-2","page","type-page","status-publish","hentry"],"acf":[],"yoast_head":"<!-- This site is optimized with the Yoast SEO Premium plugin v26.8 (Yoast SEO v26.9) - https:\/\/yoast.com\/product\/yoast-seo-premium-wordpress\/ -->\n<title>H\u00f8yt &amp; Lavt SkiGeilo Aktivitetspark<\/title>\n<meta name=\"description\" content=\"Utforsk 6 l\u00f8yper, 73 elementer og 10 zip-liner! Her finner du noe for b\u00e5de store og sm\u00e5. Velkommen til en aktiv dag i tretoppene!\" \/>\n<meta name=\"robots\" content=\"index, follow, max-snippet:-1, max-image-preview:large, max-video-preview:-1\" \/>\n<link rel=\"canonical\" href=\"https:\/\/hoytlavt.no\/geilo\/\" \/>\n<meta property=\"og:locale\" content=\"nb_NO\" \/>\n<meta property=\"og:type\" content=\"article\" \/>\n<meta property=\"og:title\" content=\"H\u00f8yt &amp; Lavt Geilo Sommerpark\" \/>\n<meta property=\"og:description\" content=\"I 6 forskjellige klatrel\u00f8yper kan du bli med p\u00e5 unike naturopplevelser i tretoppene. Kj\u00f8r zipline, oppdag tretoppene og ha det g\u00f8y sammen med de du er glad i.\" \/>\n<meta property=\"og:url\" content=\"https:\/\/hoytlavt.no\/geilo\/\" \/>\n<meta property=\"og:site_name\" content=\"H\u00f8yt &amp; Lavt Geilo\" \/>\n<meta property=\"article:modified_time\" content=\"2025-03-25T14:29:36+00:00\" \/>\n<meta property=\"og:image\" content=\"http:\/\/hoytlavt.no\/geilo\/wp-content\/uploads\/sites\/24\/2022\/05\/Familie-i-parken002-1.jpg\" \/>\n\t<meta property=\"og:image:width\" content=\"1600\" \/>\n\t<meta property=\"og:image:height\" content=\"1062\" \/>\n\t<meta property=\"og:image:type\" content=\"image\/jpeg\" \/>\n<meta name=\"twitter:card\" content=\"summary_large_image\" \/>\n<meta name=\"twitter:title\" content=\"Snart klatresesong!\" \/>\n<meta name=\"twitter:label1\" content=\"Ansl. lesetid\" \/>\n\t<meta name=\"twitter:data1\" content=\"5 minutter\" \/>\n<script type=\"application\/ld+json\" class=\"yoast-schema-graph\">{\"@context\":\"https:\/\/schema.org\",\"@graph\":[{\"@type\":\"WebPage\",\"@id\":\"https:\/\/hoytlavt.no\/geilo\/\",\"url\":\"https:\/\/hoytlavt.no\/geilo\/\",\"name\":\"H\u00f8yt & Lavt SkiGeilo Aktivitetspark\",\"isPartOf\":{\"@id\":\"https:\/\/hoytlavt.no\/geilo\/#website\"},\"datePublished\":\"2022-05-13T08:28:30+00:00\",\"dateModified\":\"2025-03-25T14:29:36+00:00\",\"description\":\"Utforsk 6 l\u00f8yper, 73 elementer og 10 zip-liner! Her finner du noe for b\u00e5de store og sm\u00e5. Velkommen til en aktiv dag i tretoppene!\",\"breadcrumb\":{\"@id\":\"https:\/\/hoytlavt.no\/geilo\/#breadcrumb\"},\"inLanguage\":\"nb-NO\",\"potentialAction\":[{\"@type\":\"ReadAction\",\"target\":[\"https:\/\/hoytlavt.no\/geilo\/\"]}]},{\"@type\":\"BreadcrumbList\",\"@id\":\"https:\/\/hoytlavt.no\/geilo\/#breadcrumb\",\"itemListElement\":[{\"@type\":\"ListItem\",\"position\":1,\"name\":\"Hjem\",\"item\":\"https:\/\/hoytlavt.no\/geilo\/\"},{\"@type\":\"ListItem\",\"position\":2,\"name\":\"Snart klatresesong!\"}]},{\"@type\":\"WebSite\",\"@id\":\"https:\/\/hoytlavt.no\/geilo\/#website\",\"url\":\"https:\/\/hoytlavt.no\/geilo\/\",\"name\":\"H\u00f8yt &amp; Lavt Geilo\",\"description\":\"Klatring for alle\",\"publisher\":{\"@id\":\"https:\/\/hoytlavt.no\/geilo\/#organization\"},\"potentialAction\":[{\"@type\":\"SearchAction\",\"target\":{\"@type\":\"EntryPoint\",\"urlTemplate\":\"https:\/\/hoytlavt.no\/geilo\/?s={search_term_string}\"},\"query-input\":{\"@type\":\"PropertyValueSpecification\",\"valueRequired\":true,\"valueName\":\"search_term_string\"}}],\"inLanguage\":\"nb-NO\"},{\"@type\":\"Organization\",\"@id\":\"https:\/\/hoytlavt.no\/geilo\/#organization\",\"name\":\"H\u00f8yt &amp; Lavt Geilo\",\"url\":\"https:\/\/hoytlavt.no\/geilo\/\",\"logo\":{\"@type\":\"ImageObject\",\"inLanguage\":\"nb-NO\",\"@id\":\"https:\/\/hoytlavt.no\/geilo\/#\/schema\/logo\/image\/\",\"url\":\"https:\/\/hoytlavt.no\/geilo\/wp-content\/uploads\/sites\/24\/2022\/05\/HL-Logo-Geilo-RGB-NEG-1.svg\",\"contentUrl\":\"https:\/\/hoytlavt.no\/geilo\/wp-content\/uploads\/sites\/24\/2022\/05\/HL-Logo-Geilo-RGB-NEG-1.svg\",\"caption\":\"H\u00f8yt &amp; Lavt Geilo\"},\"image\":{\"@id\":\"https:\/\/hoytlavt.no\/geilo\/#\/schema\/logo\/image\/\"}}]}<\/script>\n<!-- \/ Yoast SEO Premium plugin. -->","yoast_head_json":{"title":"H\u00f8yt & Lavt SkiGeilo Aktivitetspark","description":"Utforsk 6 l\u00f8yper, 73 elementer og 10 zip-liner! Her finner du noe for b\u00e5de store og sm\u00e5. Velkommen til en aktiv dag i tretoppene!","robots":{"index":"index","follow":"follow","max-snippet":"max-snippet:-1","max-image-preview":"max-image-preview:large","max-video-preview":"max-video-preview:-1"},"canonical":"https:\/\/hoytlavt.no\/geilo\/","og_locale":"nb_NO","og_type":"article","og_title":"H\u00f8yt & Lavt Geilo Sommerpark","og_description":"I 6 forskjellige klatrel\u00f8yper kan du bli med p\u00e5 unike naturopplevelser i tretoppene. Kj\u00f8r zipline, oppdag tretoppene og ha det g\u00f8y sammen med de du er glad i.","og_url":"https:\/\/hoytlavt.no\/geilo\/","og_site_name":"H\u00f8yt &amp; Lavt Geilo","article_modified_time":"2025-03-25T14:29:36+00:00","og_image":[{"width":1600,"height":1062,"url":"http:\/\/hoytlavt.no\/geilo\/wp-content\/uploads\/sites\/24\/2022\/05\/Familie-i-parken002-1.jpg","type":"image\/jpeg"}],"twitter_card":"summary_large_image","twitter_title":"Snart klatresesong!","twitter_misc":{"Ansl. lesetid":"5 minutter"},"schema":{"@context":"https:\/\/schema.org","@graph":[{"@type":"WebPage","@id":"https:\/\/hoytlavt.no\/geilo\/","url":"https:\/\/hoytlavt.no\/geilo\/","name":"H\u00f8yt & Lavt SkiGeilo Aktivitetspark","isPartOf":{"@id":"https:\/\/hoytlavt.no\/geilo\/#website"},"datePublished":"2022-05-13T08:28:30+00:00","dateModified":"2025-03-25T14:29:36+00:00","description":"Utforsk 6 l\u00f8yper, 73 elementer og 10 zip-liner! Her finner du noe for b\u00e5de store og sm\u00e5. Velkommen til en aktiv dag i tretoppene!","breadcrumb":{"@id":"https:\/\/hoytlavt.no\/geilo\/#breadcrumb"},"inLanguage":"nb-NO","potentialAction":[{"@type":"ReadAction","target":["https:\/\/hoytlavt.no\/geilo\/"]}]},{"@type":"BreadcrumbList","@id":"https:\/\/hoytlavt.no\/geilo\/#breadcrumb","itemListElement":[{"@type":"ListItem","position":1,"name":"Hjem","item":"https:\/\/hoytlavt.no\/geilo\/"},{"@type":"ListItem","position":2,"name":"Snart klatresesong!"}]},{"@type":"WebSite","@id":"https:\/\/hoytlavt.no\/geilo\/#website","url":"https:\/\/hoytlavt.no\/geilo\/","name":"H\u00f8yt &amp; Lavt Geilo","description":"Klatring for alle","publisher":{"@id":"https:\/\/hoytlavt.no\/geilo\/#organization"},"potentialAction":[{"@type":"SearchAction","target":{"@type":"EntryPoint","urlTemplate":"https:\/\/hoytlavt.no\/geilo\/?s={search_term_string}"},"query-input":{"@type":"PropertyValueSpecification","valueRequired":true,"valueName":"search_term_string"}}],"inLanguage":"nb-NO"},{"@type":"Organization","@id":"https:\/\/hoytlavt.no\/geilo\/#organization","name":"H\u00f8yt &amp; Lavt Geilo","url":"https:\/\/hoytlavt.no\/geilo\/","logo":{"@type":"ImageObject","inLanguage":"nb-NO","@id":"https:\/\/hoytlavt.no\/geilo\/#\/schema\/logo\/image\/","url":"https:\/\/hoytlavt.no\/geilo\/wp-content\/uploads\/sites\/24\/2022\/05\/HL-Logo-Geilo-RGB-NEG-1.svg","contentUrl":"https:\/\/hoytlavt.no\/geilo\/wp-content\/uploads\/sites\/24\/2022\/05\/HL-Logo-Geilo-RGB-NEG-1.svg","caption":"H\u00f8yt &amp; Lavt Geilo"},"image":{"@id":"https:\/\/hoytlavt.no\/geilo\/#\/schema\/logo\/image\/"}}]}},"_links":{"self":[{"href":"https:\/\/hoytlavt.no\/geilo\/wp-json\/wp\/v2\/pages\/2","targetHints":{"allow":["GET"]}}],"collection":[{"href":"https:\/\/hoytlavt.no\/geilo\/wp-json\/wp\/v2\/pages"}],"about":[{"href":"https:\/\/hoytlavt.no\/geilo\/wp-json\/wp\/v2\/types\/page"}],"author":[{"embeddable":true,"href":"https:\/\/hoytlavt.no\/geilo\/wp-json\/wp\/v2\/users\/1"}],"replies":[{"embeddable":true,"href":"https:\/\/hoytlavt.no\/geilo\/wp-json\/wp\/v2\/comments?post=2"}],"version-history":[{"count":60,"href":"https:\/\/hoytlavt.no\/geilo\/wp-json\/wp\/v2\/pages\/2\/revisions"}],"predecessor-version":[{"id":840,"href":"https:\/\/hoytlavt.no\/geilo\/wp-json\/wp\/v2\/pages\/2\/revisions\/840"}],"wp:attachment":[{"href":"https:\/\/hoytlavt.no\/geilo\/wp-json\/wp\/v2\/media?parent=2"}],"curies":[{"name":"wp","href":"https:\/\/api.w.org\/{rel}","templated":true}]}}