{"id":674,"date":"2023-07-10T11:19:11","date_gmt":"2023-07-10T09:19:11","guid":{"rendered":"https:\/\/hoytlavt.no\/gala\/?page_id=674"},"modified":"2023-07-10T11:20:01","modified_gmt":"2023-07-10T09:20:01","slug":"images-video","status":"publish","type":"page","link":"https:\/\/hoytlavt.no\/gala\/en\/images-video\/","title":{"rendered":"Images &#038; Video"},"content":{"rendered":"\n<figure class=\"wp-block-gallery has-nested-images columns-default is-cropped wp-block-gallery-1 is-layout-flex wp-block-gallery-is-layout-flex\">\n<figure class=\"wp-block-image size-full\"><a href=\"https:\/\/hoytlavt.no\/gala\/wp-content\/uploads\/sites\/25\/2023\/06\/Kai-Otto-melau-HL-4.jpg\"><img loading=\"lazy\" decoding=\"async\" width=\"1200\" height=\"800\" data-id=\"462\" src=\"https:\/\/hoytlavt.no\/gala\/wp-content\/uploads\/sites\/25\/2023\/06\/Kai-Otto-melau-HL-4.jpg\" alt=\"\" class=\"wp-image-462\" srcset=\"https:\/\/hoytlavt.no\/gala\/wp-content\/uploads\/sites\/25\/2023\/06\/Kai-Otto-melau-HL-4.jpg 1200w, https:\/\/hoytlavt.no\/gala\/wp-content\/uploads\/sites\/25\/2023\/06\/Kai-Otto-melau-HL-4-300x200.jpg 300w, https:\/\/hoytlavt.no\/gala\/wp-content\/uploads\/sites\/25\/2023\/06\/Kai-Otto-melau-HL-4-1024x683.jpg 1024w, https:\/\/hoytlavt.no\/gala\/wp-content\/uploads\/sites\/25\/2023\/06\/Kai-Otto-melau-HL-4-768x512.jpg 768w\" sizes=\"auto, (max-width: 1200px) 100vw, 1200px\" \/><\/a><\/figure>\n\n\n\n<figure class=\"wp-block-image size-full\"><a href=\"https:\/\/hoytlavt.no\/gala\/wp-content\/uploads\/sites\/25\/2023\/06\/IMG_2944-2.jpg\"><img loading=\"lazy\" decoding=\"async\" width=\"1200\" height=\"800\" data-id=\"461\" src=\"https:\/\/hoytlavt.no\/gala\/wp-content\/uploads\/sites\/25\/2023\/06\/IMG_2944-2.jpg\" alt=\"\" class=\"wp-image-461\" srcset=\"https:\/\/hoytlavt.no\/gala\/wp-content\/uploads\/sites\/25\/2023\/06\/IMG_2944-2.jpg 1200w, https:\/\/hoytlavt.no\/gala\/wp-content\/uploads\/sites\/25\/2023\/06\/IMG_2944-2-300x200.jpg 300w, https:\/\/hoytlavt.no\/gala\/wp-content\/uploads\/sites\/25\/2023\/06\/IMG_2944-2-1024x683.jpg 1024w, https:\/\/hoytlavt.no\/gala\/wp-content\/uploads\/sites\/25\/2023\/06\/IMG_2944-2-768x512.jpg 768w\" sizes=\"auto, (max-width: 1200px) 100vw, 1200px\" \/><\/a><\/figure>\n\n\n\n<figure class=\"wp-block-image size-full\"><a href=\"https:\/\/hoytlavt.no\/gala\/wp-content\/uploads\/sites\/25\/2023\/06\/IMG_1506.jpg\"><img loading=\"lazy\" decoding=\"async\" width=\"1200\" height=\"800\" data-id=\"452\" src=\"https:\/\/hoytlavt.no\/gala\/wp-content\/uploads\/sites\/25\/2023\/06\/IMG_1506.jpg\" alt=\"\" class=\"wp-image-452\" srcset=\"https:\/\/hoytlavt.no\/gala\/wp-content\/uploads\/sites\/25\/2023\/06\/IMG_1506.jpg 1200w, https:\/\/hoytlavt.no\/gala\/wp-content\/uploads\/sites\/25\/2023\/06\/IMG_1506-300x200.jpg 300w, https:\/\/hoytlavt.no\/gala\/wp-content\/uploads\/sites\/25\/2023\/06\/IMG_1506-1024x683.jpg 1024w, https:\/\/hoytlavt.no\/gala\/wp-content\/uploads\/sites\/25\/2023\/06\/IMG_1506-768x512.jpg 768w\" sizes=\"auto, (max-width: 1200px) 100vw, 1200px\" \/><\/a><\/figure>\n\n\n\n<figure class=\"wp-block-image size-full\"><a href=\"https:\/\/hoytlavt.no\/gala\/wp-content\/uploads\/sites\/25\/2023\/06\/Blide-barn-HoytLavt.jpg\"><img loading=\"lazy\" decoding=\"async\" width=\"1200\" height=\"675\" data-id=\"450\" src=\"https:\/\/hoytlavt.no\/gala\/wp-content\/uploads\/sites\/25\/2023\/06\/Blide-barn-HoytLavt.jpg\" alt=\"\" class=\"wp-image-450\" srcset=\"https:\/\/hoytlavt.no\/gala\/wp-content\/uploads\/sites\/25\/2023\/06\/Blide-barn-HoytLavt.jpg 1200w, https:\/\/hoytlavt.no\/gala\/wp-content\/uploads\/sites\/25\/2023\/06\/Blide-barn-HoytLavt-300x169.jpg 300w, https:\/\/hoytlavt.no\/gala\/wp-content\/uploads\/sites\/25\/2023\/06\/Blide-barn-HoytLavt-1024x576.jpg 1024w, https:\/\/hoytlavt.no\/gala\/wp-content\/uploads\/sites\/25\/2023\/06\/Blide-barn-HoytLavt-768x432.jpg 768w\" sizes=\"auto, (max-width: 1200px) 100vw, 1200px\" \/><\/a><\/figure>\n\n\n\n<figure class=\"wp-block-image size-full\"><a href=\"https:\/\/hoytlavt.no\/gala\/wp-content\/uploads\/sites\/25\/2023\/06\/20160630-hoytoglavt-0710.jpg\"><img loading=\"lazy\" decoding=\"async\" width=\"1200\" height=\"798\" data-id=\"443\" src=\"https:\/\/hoytlavt.no\/gala\/wp-content\/uploads\/sites\/25\/2023\/06\/20160630-hoytoglavt-0710.jpg\" alt=\"\" class=\"wp-image-443\" srcset=\"https:\/\/hoytlavt.no\/gala\/wp-content\/uploads\/sites\/25\/2023\/06\/20160630-hoytoglavt-0710.jpg 1200w, https:\/\/hoytlavt.no\/gala\/wp-content\/uploads\/sites\/25\/2023\/06\/20160630-hoytoglavt-0710-300x200.jpg 300w, https:\/\/hoytlavt.no\/gala\/wp-content\/uploads\/sites\/25\/2023\/06\/20160630-hoytoglavt-0710-1024x681.jpg 1024w, https:\/\/hoytlavt.no\/gala\/wp-content\/uploads\/sites\/25\/2023\/06\/20160630-hoytoglavt-0710-768x511.jpg 768w\" sizes=\"auto, (max-width: 1200px) 100vw, 1200px\" \/><\/a><\/figure>\n\n\n\n<figure class=\"wp-block-image size-full\"><a href=\"https:\/\/hoytlavt.no\/gala\/wp-content\/uploads\/sites\/25\/2023\/06\/20130724_hoytoglavt_0660-copy.jpg\"><img decoding=\"async\" data-id=\"441\" src=\"https:\/\/hoytlavt.no\/gala\/wp-content\/uploads\/sites\/25\/2023\/06\/20130724_hoytoglavt_0660-copy.jpg\" alt=\"\" class=\"wp-image-441\"\/><\/a><\/figure>\n\n\n\n<figure class=\"wp-block-image size-full\"><a href=\"https:\/\/hoytlavt.no\/gala\/wp-content\/uploads\/sites\/25\/2023\/06\/20160630-hoytoglavt-0808.jpg\"><img loading=\"lazy\" decoding=\"async\" width=\"1200\" height=\"798\" data-id=\"445\" src=\"https:\/\/hoytlavt.no\/gala\/wp-content\/uploads\/sites\/25\/2023\/06\/20160630-hoytoglavt-0808.jpg\" alt=\"\" class=\"wp-image-445\" srcset=\"https:\/\/hoytlavt.no\/gala\/wp-content\/uploads\/sites\/25\/2023\/06\/20160630-hoytoglavt-0808.jpg 1200w, https:\/\/hoytlavt.no\/gala\/wp-content\/uploads\/sites\/25\/2023\/06\/20160630-hoytoglavt-0808-300x200.jpg 300w, https:\/\/hoytlavt.no\/gala\/wp-content\/uploads\/sites\/25\/2023\/06\/20160630-hoytoglavt-0808-1024x681.jpg 1024w, https:\/\/hoytlavt.no\/gala\/wp-content\/uploads\/sites\/25\/2023\/06\/20160630-hoytoglavt-0808-768x511.jpg 768w\" sizes=\"auto, (max-width: 1200px) 100vw, 1200px\" \/><\/a><\/figure>\n\n\n\n<figure class=\"wp-block-image size-full\"><a href=\"https:\/\/hoytlavt.no\/gala\/wp-content\/uploads\/sites\/25\/2023\/06\/20160630-hoytoglavt-1103.jpg\"><img loading=\"lazy\" decoding=\"async\" width=\"1200\" height=\"798\" data-id=\"446\" src=\"https:\/\/hoytlavt.no\/gala\/wp-content\/uploads\/sites\/25\/2023\/06\/20160630-hoytoglavt-1103.jpg\" alt=\"\" class=\"wp-image-446\" srcset=\"https:\/\/hoytlavt.no\/gala\/wp-content\/uploads\/sites\/25\/2023\/06\/20160630-hoytoglavt-1103.jpg 1200w, https:\/\/hoytlavt.no\/gala\/wp-content\/uploads\/sites\/25\/2023\/06\/20160630-hoytoglavt-1103-300x200.jpg 300w, https:\/\/hoytlavt.no\/gala\/wp-content\/uploads\/sites\/25\/2023\/06\/20160630-hoytoglavt-1103-1024x681.jpg 1024w, https:\/\/hoytlavt.no\/gala\/wp-content\/uploads\/sites\/25\/2023\/06\/20160630-hoytoglavt-1103-768x511.jpg 768w\" sizes=\"auto, (max-width: 1200px) 100vw, 1200px\" \/><\/a><\/figure>\n\n\n\n<figure class=\"wp-block-image size-full\"><a href=\"https:\/\/hoytlavt.no\/gala\/wp-content\/uploads\/sites\/25\/2023\/06\/KOM9476.jpg\"><img loading=\"lazy\" decoding=\"async\" width=\"1200\" height=\"800\" data-id=\"438\" src=\"https:\/\/hoytlavt.no\/gala\/wp-content\/uploads\/sites\/25\/2023\/06\/KOM9476.jpg\" alt=\"\" class=\"wp-image-438\" srcset=\"https:\/\/hoytlavt.no\/gala\/wp-content\/uploads\/sites\/25\/2023\/06\/KOM9476.jpg 1200w, https:\/\/hoytlavt.no\/gala\/wp-content\/uploads\/sites\/25\/2023\/06\/KOM9476-300x200.jpg 300w, https:\/\/hoytlavt.no\/gala\/wp-content\/uploads\/sites\/25\/2023\/06\/KOM9476-1024x683.jpg 1024w, https:\/\/hoytlavt.no\/gala\/wp-content\/uploads\/sites\/25\/2023\/06\/KOM9476-768x512.jpg 768w\" sizes=\"auto, (max-width: 1200px) 100vw, 1200px\" \/><\/a><\/figure>\n\n\n\n<figure class=\"wp-block-image size-full\"><a href=\"https:\/\/hoytlavt.no\/gala\/wp-content\/uploads\/sites\/25\/2023\/06\/KOM9343.jpg\"><img loading=\"lazy\" decoding=\"async\" width=\"1200\" height=\"801\" data-id=\"437\" src=\"https:\/\/hoytlavt.no\/gala\/wp-content\/uploads\/sites\/25\/2023\/06\/KOM9343.jpg\" alt=\"\" class=\"wp-image-437\" srcset=\"https:\/\/hoytlavt.no\/gala\/wp-content\/uploads\/sites\/25\/2023\/06\/KOM9343.jpg 1200w, https:\/\/hoytlavt.no\/gala\/wp-content\/uploads\/sites\/25\/2023\/06\/KOM9343-300x200.jpg 300w, https:\/\/hoytlavt.no\/gala\/wp-content\/uploads\/sites\/25\/2023\/06\/KOM9343-1024x684.jpg 1024w, https:\/\/hoytlavt.no\/gala\/wp-content\/uploads\/sites\/25\/2023\/06\/KOM9343-768x513.jpg 768w\" sizes=\"auto, (max-width: 1200px) 100vw, 1200px\" \/><\/a><\/figure>\n<\/figure>\n","protected":false},"excerpt":{"rendered":"","protected":false},"author":1,"featured_media":450,"parent":0,"menu_order":0,"comment_status":"closed","ping_status":"closed","template":"page-gallery-2.php","meta":{"_acf_changed":false,"inline_featured_image":false,"footnotes":""},"class_list":["post-674","page","type-page","status-publish","has-post-thumbnail","hentry"],"acf":[],"yoast_head":"<!-- This site is optimized with the Yoast SEO Premium plugin v26.8 (Yoast SEO v26.9) - https:\/\/yoast.com\/product\/yoast-seo-premium-wordpress\/ -->\n<title>Images &amp; Video - H\u00f8yt &amp; Lavt G\u00e5l\u00e5<\/title>\n<meta name=\"robots\" content=\"index, follow, max-snippet:-1, max-image-preview:large, max-video-preview:-1\" \/>\n<link rel=\"canonical\" href=\"https:\/\/hoytlavt.no\/gala\/en\/images-video\/\" \/>\n<meta property=\"og:locale\" content=\"nb_NO\" \/>\n<meta property=\"og:type\" content=\"article\" \/>\n<meta property=\"og:title\" content=\"Images &amp; Video\" \/>\n<meta property=\"og:url\" content=\"https:\/\/hoytlavt.no\/gala\/en\/images-video\/\" \/>\n<meta property=\"og:site_name\" content=\"H\u00f8yt &amp; Lavt G\u00e5l\u00e5\" \/>\n<meta property=\"article:modified_time\" content=\"2023-07-10T09:20:01+00:00\" \/>\n<meta property=\"og:image\" content=\"http:\/\/hoytlavt.no\/gala\/wp-content\/uploads\/sites\/25\/2023\/06\/Blide-barn-HoytLavt.jpg\" \/>\n\t<meta property=\"og:image:width\" content=\"1200\" \/>\n\t<meta property=\"og:image:height\" content=\"675\" \/>\n\t<meta property=\"og:image:type\" content=\"image\/jpeg\" \/>\n<meta name=\"twitter:card\" content=\"summary_large_image\" \/>\n<meta name=\"twitter:label1\" content=\"Ansl. lesetid\" \/>\n\t<meta name=\"twitter:data1\" content=\"2 minutter\" \/>\n<script type=\"application\/ld+json\" class=\"yoast-schema-graph\">{\"@context\":\"https:\/\/schema.org\",\"@graph\":[{\"@type\":\"WebPage\",\"@id\":\"https:\/\/hoytlavt.no\/gala\/en\/images-video\/\",\"url\":\"https:\/\/hoytlavt.no\/gala\/en\/images-video\/\",\"name\":\"Images & Video - H\u00f8yt & Lavt G\u00e5l\u00e5\",\"isPartOf\":{\"@id\":\"https:\/\/hoytlavt.no\/gala\/#website\"},\"primaryImageOfPage\":{\"@id\":\"https:\/\/hoytlavt.no\/gala\/en\/images-video\/#primaryimage\"},\"image\":{\"@id\":\"https:\/\/hoytlavt.no\/gala\/en\/images-video\/#primaryimage\"},\"thumbnailUrl\":\"https:\/\/hoytlavt.no\/gala\/wp-content\/uploads\/sites\/25\/2023\/06\/Blide-barn-HoytLavt.jpg\",\"datePublished\":\"2023-07-10T09:19:11+00:00\",\"dateModified\":\"2023-07-10T09:20:01+00:00\",\"breadcrumb\":{\"@id\":\"https:\/\/hoytlavt.no\/gala\/en\/images-video\/#breadcrumb\"},\"inLanguage\":\"nb-NO\",\"potentialAction\":[{\"@type\":\"ReadAction\",\"target\":[\"https:\/\/hoytlavt.no\/gala\/en\/images-video\/\"]}]},{\"@type\":\"ImageObject\",\"inLanguage\":\"nb-NO\",\"@id\":\"https:\/\/hoytlavt.no\/gala\/en\/images-video\/#primaryimage\",\"url\":\"https:\/\/hoytlavt.no\/gala\/wp-content\/uploads\/sites\/25\/2023\/06\/Blide-barn-HoytLavt.jpg\",\"contentUrl\":\"https:\/\/hoytlavt.no\/gala\/wp-content\/uploads\/sites\/25\/2023\/06\/Blide-barn-HoytLavt.jpg\",\"width\":1200,\"height\":675},{\"@type\":\"BreadcrumbList\",\"@id\":\"https:\/\/hoytlavt.no\/gala\/en\/images-video\/#breadcrumb\",\"itemListElement\":[{\"@type\":\"ListItem\",\"position\":1,\"name\":\"Hjem\",\"item\":\"https:\/\/hoytlavt.no\/gala\/\"},{\"@type\":\"ListItem\",\"position\":2,\"name\":\"Images &#038; Video\"}]},{\"@type\":\"WebSite\",\"@id\":\"https:\/\/hoytlavt.no\/gala\/#website\",\"url\":\"https:\/\/hoytlavt.no\/gala\/\",\"name\":\"H\u00f8yt & Lavt G\u00e5l\u00e5\",\"description\":\"\",\"publisher\":{\"@id\":\"https:\/\/hoytlavt.no\/gala\/#organization\"},\"potentialAction\":[{\"@type\":\"SearchAction\",\"target\":{\"@type\":\"EntryPoint\",\"urlTemplate\":\"https:\/\/hoytlavt.no\/gala\/?s={search_term_string}\"},\"query-input\":{\"@type\":\"PropertyValueSpecification\",\"valueRequired\":true,\"valueName\":\"search_term_string\"}}],\"inLanguage\":\"nb-NO\"},{\"@type\":\"Organization\",\"@id\":\"https:\/\/hoytlavt.no\/gala\/#organization\",\"name\":\"H\u00f8yt & Lavt G\u00e5l\u00e5\",\"url\":\"https:\/\/hoytlavt.no\/gala\/\",\"logo\":{\"@type\":\"ImageObject\",\"inLanguage\":\"nb-NO\",\"@id\":\"https:\/\/hoytlavt.no\/gala\/#\/schema\/logo\/image\/\",\"url\":\"https:\/\/hoytlavt.no\/gala\/wp-content\/uploads\/sites\/25\/2023\/06\/HL-Logo-Gala-RGB-NEG.svg\",\"contentUrl\":\"https:\/\/hoytlavt.no\/gala\/wp-content\/uploads\/sites\/25\/2023\/06\/HL-Logo-Gala-RGB-NEG.svg\",\"caption\":\"H\u00f8yt & Lavt G\u00e5l\u00e5\"},\"image\":{\"@id\":\"https:\/\/hoytlavt.no\/gala\/#\/schema\/logo\/image\/\"}}]}<\/script>\n<!-- \/ Yoast SEO Premium plugin. -->","yoast_head_json":{"title":"Images & Video - H\u00f8yt & Lavt G\u00e5l\u00e5","robots":{"index":"index","follow":"follow","max-snippet":"max-snippet:-1","max-image-preview":"max-image-preview:large","max-video-preview":"max-video-preview:-1"},"canonical":"https:\/\/hoytlavt.no\/gala\/en\/images-video\/","og_locale":"nb_NO","og_type":"article","og_title":"Images & Video","og_url":"https:\/\/hoytlavt.no\/gala\/en\/images-video\/","og_site_name":"H\u00f8yt & Lavt G\u00e5l\u00e5","article_modified_time":"2023-07-10T09:20:01+00:00","og_image":[{"width":1200,"height":675,"url":"http:\/\/hoytlavt.no\/gala\/wp-content\/uploads\/sites\/25\/2023\/06\/Blide-barn-HoytLavt.jpg","type":"image\/jpeg"}],"twitter_card":"summary_large_image","twitter_misc":{"Ansl. lesetid":"2 minutter"},"schema":{"@context":"https:\/\/schema.org","@graph":[{"@type":"WebPage","@id":"https:\/\/hoytlavt.no\/gala\/en\/images-video\/","url":"https:\/\/hoytlavt.no\/gala\/en\/images-video\/","name":"Images & Video - H\u00f8yt & Lavt G\u00e5l\u00e5","isPartOf":{"@id":"https:\/\/hoytlavt.no\/gala\/#website"},"primaryImageOfPage":{"@id":"https:\/\/hoytlavt.no\/gala\/en\/images-video\/#primaryimage"},"image":{"@id":"https:\/\/hoytlavt.no\/gala\/en\/images-video\/#primaryimage"},"thumbnailUrl":"https:\/\/hoytlavt.no\/gala\/wp-content\/uploads\/sites\/25\/2023\/06\/Blide-barn-HoytLavt.jpg","datePublished":"2023-07-10T09:19:11+00:00","dateModified":"2023-07-10T09:20:01+00:00","breadcrumb":{"@id":"https:\/\/hoytlavt.no\/gala\/en\/images-video\/#breadcrumb"},"inLanguage":"nb-NO","potentialAction":[{"@type":"ReadAction","target":["https:\/\/hoytlavt.no\/gala\/en\/images-video\/"]}]},{"@type":"ImageObject","inLanguage":"nb-NO","@id":"https:\/\/hoytlavt.no\/gala\/en\/images-video\/#primaryimage","url":"https:\/\/hoytlavt.no\/gala\/wp-content\/uploads\/sites\/25\/2023\/06\/Blide-barn-HoytLavt.jpg","contentUrl":"https:\/\/hoytlavt.no\/gala\/wp-content\/uploads\/sites\/25\/2023\/06\/Blide-barn-HoytLavt.jpg","width":1200,"height":675},{"@type":"BreadcrumbList","@id":"https:\/\/hoytlavt.no\/gala\/en\/images-video\/#breadcrumb","itemListElement":[{"@type":"ListItem","position":1,"name":"Hjem","item":"https:\/\/hoytlavt.no\/gala\/"},{"@type":"ListItem","position":2,"name":"Images &#038; Video"}]},{"@type":"WebSite","@id":"https:\/\/hoytlavt.no\/gala\/#website","url":"https:\/\/hoytlavt.no\/gala\/","name":"H\u00f8yt & Lavt G\u00e5l\u00e5","description":"","publisher":{"@id":"https:\/\/hoytlavt.no\/gala\/#organization"},"potentialAction":[{"@type":"SearchAction","target":{"@type":"EntryPoint","urlTemplate":"https:\/\/hoytlavt.no\/gala\/?s={search_term_string}"},"query-input":{"@type":"PropertyValueSpecification","valueRequired":true,"valueName":"search_term_string"}}],"inLanguage":"nb-NO"},{"@type":"Organization","@id":"https:\/\/hoytlavt.no\/gala\/#organization","name":"H\u00f8yt & Lavt G\u00e5l\u00e5","url":"https:\/\/hoytlavt.no\/gala\/","logo":{"@type":"ImageObject","inLanguage":"nb-NO","@id":"https:\/\/hoytlavt.no\/gala\/#\/schema\/logo\/image\/","url":"https:\/\/hoytlavt.no\/gala\/wp-content\/uploads\/sites\/25\/2023\/06\/HL-Logo-Gala-RGB-NEG.svg","contentUrl":"https:\/\/hoytlavt.no\/gala\/wp-content\/uploads\/sites\/25\/2023\/06\/HL-Logo-Gala-RGB-NEG.svg","caption":"H\u00f8yt & Lavt G\u00e5l\u00e5"},"image":{"@id":"https:\/\/hoytlavt.no\/gala\/#\/schema\/logo\/image\/"}}]}},"_links":{"self":[{"href":"https:\/\/hoytlavt.no\/gala\/wp-json\/wp\/v2\/pages\/674","targetHints":{"allow":["GET"]}}],"collection":[{"href":"https:\/\/hoytlavt.no\/gala\/wp-json\/wp\/v2\/pages"}],"about":[{"href":"https:\/\/hoytlavt.no\/gala\/wp-json\/wp\/v2\/types\/page"}],"author":[{"embeddable":true,"href":"https:\/\/hoytlavt.no\/gala\/wp-json\/wp\/v2\/users\/1"}],"replies":[{"embeddable":true,"href":"https:\/\/hoytlavt.no\/gala\/wp-json\/wp\/v2\/comments?post=674"}],"version-history":[{"count":2,"href":"https:\/\/hoytlavt.no\/gala\/wp-json\/wp\/v2\/pages\/674\/revisions"}],"predecessor-version":[{"id":676,"href":"https:\/\/hoytlavt.no\/gala\/wp-json\/wp\/v2\/pages\/674\/revisions\/676"}],"wp:featuredmedia":[{"embeddable":true,"href":"https:\/\/hoytlavt.no\/gala\/wp-json\/wp\/v2\/media\/450"}],"wp:attachment":[{"href":"https:\/\/hoytlavt.no\/gala\/wp-json\/wp\/v2\/media?parent=674"}],"curies":[{"name":"wp","href":"https:\/\/api.w.org\/{rel}","templated":true}]}}